{"id":1184,"date":"2016-09-05T19:26:14","date_gmt":"2016-09-05T17:26:14","guid":{"rendered":"http:\/\/demos.famethemes.com\/screenr\/?page_id=8"},"modified":"2022-11-23T13:43:20","modified_gmt":"2022-11-23T12:43:20","slug":"ittax","status":"publish","type":"page","link":"https:\/\/ittax.pl\/en\/ittax\/","title":{"rendered":"ITTAX"},"content":{"rendered":"<div data-elementor-type=\"wp-page\" data-elementor-id=\"1184\" class=\"elementor elementor-1184\" data-elementor-post-type=\"page\">\n\t\t\t\t\t\t\t\t\t<section class=\"elementor-section elementor-top-section elementor-element elementor-element-7f645716 elementor-section-boxed elementor-section-height-default elementor-section-height-default\" data-id=\"7f645716\" data-element_type=\"section\">\n\t\t\t\t\t\t<div class=\"elementor-container elementor-column-gap-default\">\n\t\t\t\t\t<div class=\"elementor-column elementor-col-100 elementor-top-column elementor-element elementor-element-26c08ccb\" data-id=\"26c08ccb\" data-element_type=\"column\">\n\t\t\t<div class=\"elementor-widget-wrap elementor-element-populated\">\n\t\t\t\t\t\t\t\t<div class=\"elementor-element elementor-element-5b5e092d elementor-widget elementor-widget-text-editor\" data-id=\"5b5e092d\" data-element_type=\"widget\" data-widget_type=\"text-editor.default\">\n\t\t\t\t<div class=\"elementor-widget-container\">\n\t\t\t\t\t\t\t<p>ITTAX powsta\u0142o z pasji. Stworzyli je ludzi, kt\u00f3rym nie wystarcza realizowanie projekt\u00f3w. W ITTAX \u015bwiadczymy kompleksowe us\u0142ugi najwy\u017cszej jako\u015bci zar\u00f3wno merytorycznej, jak i technologicznej.<\/p>\n<p><!-- \/wp:columns --><\/p>\n<p><!-- wp:paragraph --><\/p>\n<p><!-- \/wp:paragraph --><\/p>\n<p><!-- wp:paragraph --><\/p>\n<p><!-- \/wp:paragraph --><\/p>\t\t\t\t\t\t<\/div>\n\t\t\t\t<\/div>\n\t\t\t\t\t<\/div>\n\t\t<\/div>\n\t\t\t\t\t\t\t<\/div>\n\t\t<\/section>\n\t\t\t\t<section class=\"elementor-section elementor-top-section elementor-element elementor-element-5eb9383 elementor-section-boxed elementor-section-height-default elementor-section-height-default\" data-id=\"5eb9383\" data-element_type=\"section\">\n\t\t\t\t\t\t<div class=\"elementor-container elementor-column-gap-default\">\n\t\t\t\t\t<div class=\"elementor-column elementor-col-50 elementor-top-column elementor-element elementor-element-1107dc7\" data-id=\"1107dc7\" data-element_type=\"column\">\n\t\t\t<div class=\"elementor-widget-wrap elementor-element-populated\">\n\t\t\t\t\t\t\t\t<div class=\"elementor-element elementor-element-ef43634 elementor-widget elementor-widget-text-editor\" data-id=\"ef43634\" data-element_type=\"widget\" data-widget_type=\"text-editor.default\">\n\t\t\t\t<div class=\"elementor-widget-container\">\n\t\t\t\t\t\t\t<p><span style=\"background-color: transparent;\">Jeste\u015bmy firm\u0105 specjalizuj\u0105 si\u0119 w \u015bwiadczeniu us\u0142ug doradczych z&nbsp;obszar\u00f3w podatk\u00f3w, rachunkowo\u015bci i finans\u00f3w oraz w tworzeniu wysokiej jako\u015bci oprogramowania i narz\u0119dzi wspieraj\u0105cych funkcjonowanie dzia\u0142\u00f3w ksi\u0119gowych i podatkowych. Nasz zesp\u00f3\u0142, to grupa ekspert\u00f3w w dziedzinach technologii informatycznych, programowania, rachunkowo\u015bci i podatk\u00f3w.<\/span><\/p>\n<p><span style=\"background-color: transparent;\">Po\u0142\u0105czy\u0142o nas przekonanie, \u017ce tylko pasjonata i cz\u0142owiek kochaj\u0105cy swoj\u0105 prac\u0119 jest w stanie \u015bwiadczy\u0107 us\u0142ugi na najwy\u017cszym poziomie. Ka\u017cdy z nas jest wysokiej klasy specjalist\u0105 i posiada minimum 10-cio letnie do\u015bwiadczenie w dostarczaniu us\u0142ug na rzecz klient\u00f3w zewn\u0119trznych zdobyte w renomowanych firmach doradczych oraz firmach informatycznych.<\/span><\/p>\n<p><!-- \/wp:columns --><\/p>\n<p><!-- wp:paragraph --><\/p>\n<p><!-- \/wp:paragraph --><\/p>\n<p><!-- wp:paragraph --><\/p>\n<p><!-- \/wp:paragraph --><\/p>\t\t\t\t\t\t<\/div>\n\t\t\t\t<\/div>\n\t\t\t\t\t<\/div>\n\t\t<\/div>\n\t\t\t\t<div class=\"elementor-column elementor-col-50 elementor-top-column elementor-element elementor-element-3995358\" data-id=\"3995358\" data-element_type=\"column\">\n\t\t\t<div class=\"elementor-widget-wrap elementor-element-populated\">\n\t\t\t\t\t\t\t\t<div class=\"elementor-element elementor-element-fad8b37 elementor-widget elementor-widget-heading\" data-id=\"fad8b37\" data-element_type=\"widget\" data-widget_type=\"heading.default\">\n\t\t\t\t<div class=\"elementor-widget-container\">\n\t\t\t<h2 class=\"elementor-heading-title elementor-size-large\">\"Tworzymy, usprawniamy, doradzamy, aby Tw\u00f3j biznes r\u00f3s\u0142 szybciej i&nbsp;bezpieczniej\"<\/h2>\t\t<\/div>\n\t\t\t\t<\/div>\n\t\t\t\t\t<\/div>\n\t\t<\/div>\n\t\t\t\t\t\t\t<\/div>\n\t\t<\/section>\n\t\t\t\t<section class=\"elementor-section elementor-top-section elementor-element elementor-element-f4ebad1 elementor-section-boxed elementor-section-height-default elementor-section-height-default\" data-id=\"f4ebad1\" data-element_type=\"section\">\n\t\t\t\t\t\t<div class=\"elementor-container elementor-column-gap-default\">\n\t\t\t\t\t<div class=\"elementor-column elementor-col-100 elementor-top-column elementor-element elementor-element-20f8845\" data-id=\"20f8845\" data-element_type=\"column\">\n\t\t\t<div class=\"elementor-widget-wrap elementor-element-populated\">\n\t\t\t\t\t\t\t\t<div class=\"elementor-element elementor-element-7853195 elementor-widget elementor-widget-text-editor\" data-id=\"7853195\" data-element_type=\"widget\" data-widget_type=\"text-editor.default\">\n\t\t\t\t<div class=\"elementor-widget-container\">\n\t\t\t\t\t\t\t<p>ITTAX to przede wszystkim zesp\u00f3\u0142, kt\u00f3ry pracuje ze sob\u0105 od lat i rozumie si\u0119 bez s\u0142\u00f3w. Ale ITTAX, to r\u00f3wnie\u017c nasi klienci, kt\u00f3rzy \u017cywo uczestnicz\u0105 w&nbsp;procesie tworzenia nowych rozwi\u0105za\u0144 lub ulepszania ju\u017c istniej\u0105cych, bo przecie\u017c to dla nich one powstaj\u0105.<\/p>\n<p>Szybko si\u0119 rozwijamy, a ci\u0105gle rosn\u0105ce grono partner\u00f3w i wsp\u00f3\u0142pracownik\u00f3w sprawia, \u017ce mo\u017cemy realizowa\u0107 skomplikowane zadania o przekrojowym zakresie. Aby sprosta\u0107 oczekiwaniom naszych klient\u00f3w i odnosi\u0107 kolejne sukcesy, zawsze starannie dobieramy zesp\u00f3\u0142 pod k\u0105tem specyficznych wymaga\u0144 konkretnego wyzwania.\u00a0<\/p>\n<p>Ka\u017cde nowe zlecenie, to dla nas przygoda, w kt\u00f3r\u0105 wsp\u00f3lnie wyruszamy z klientem, a im bardziej jest ono wymagaj\u0105ce, tym przyjemniej si\u0119 je realizuje.<\/p>\n<p>ITTAX to trzy podstawowe, uzupe\u0142niaj\u0105ce i przenikaj\u0105ce si\u0119 obszary dzia\u0142alno\u015bci:<\/p>\t\t\t\t\t\t<\/div>\n\t\t\t\t<\/div>\n\t\t\t\t\t<\/div>\n\t\t<\/div>\n\t\t\t\t\t\t\t<\/div>\n\t\t<\/section>\n\t\t\t\t<section class=\"elementor-section elementor-top-section elementor-element elementor-element-46918e9 elementor-section-height-min-height elementor-section-items-stretch elementor-section-content-middle elementor-section-boxed elementor-section-height-default\" data-id=\"46918e9\" data-element_type=\"section\">\n\t\t\t\t\t\t<div class=\"elementor-container elementor-column-gap-default\">\n\t\t\t\t\t<div class=\"make-column-clickable-elementor elementor-column elementor-col-33 elementor-top-column elementor-element elementor-element-653142c clickable\" style=\"cursor: pointer;\" data-column-clickable=\"\/aplikacje\/\" data-column-clickable-blank=\"_self\" data-id=\"653142c\" data-element_type=\"column\" data-settings=\"{&quot;background_background&quot;:&quot;classic&quot;}\">\n\t\t\t<div class=\"elementor-widget-wrap elementor-element-populated\">\n\t\t\t\t\t\t\t\t<div class=\"elementor-element elementor-element-245ea00 elementor-widget elementor-widget-heading\" data-id=\"245ea00\" data-element_type=\"widget\" data-widget_type=\"heading.default\">\n\t\t\t\t<div class=\"elementor-widget-container\">\n\t\t\t<h3 class=\"elementor-heading-title elementor-size-default\">APLIKACJE<\/h3>\t\t<\/div>\n\t\t\t\t<\/div>\n\t\t\t\t\t<\/div>\n\t\t<\/div>\n\t\t\t\t<div class=\"make-column-clickable-elementor elementor-column elementor-col-33 elementor-top-column elementor-element elementor-element-956bf13 clickable\" style=\"cursor: pointer;\" data-column-clickable=\"\/procesy\/\" data-column-clickable-blank=\"_self\" data-id=\"956bf13\" data-element_type=\"column\" data-settings=\"{&quot;background_background&quot;:&quot;classic&quot;}\">\n\t\t\t<div class=\"elementor-widget-wrap elementor-element-populated\">\n\t\t\t\t\t\t\t\t<div class=\"elementor-element elementor-element-b500096 elementor-widget elementor-widget-heading\" data-id=\"b500096\" data-element_type=\"widget\" data-widget_type=\"heading.default\">\n\t\t\t\t<div class=\"elementor-widget-container\">\n\t\t\t<h3 class=\"elementor-heading-title elementor-size-default\">PROCESY<\/h3>\t\t<\/div>\n\t\t\t\t<\/div>\n\t\t\t\t\t<\/div>\n\t\t<\/div>\n\t\t\t\t<div class=\"make-column-clickable-elementor elementor-column elementor-col-33 elementor-top-column elementor-element elementor-element-e64b9e1 clickable\" style=\"cursor: pointer;\" data-column-clickable=\"\/podatki\/\" data-column-clickable-blank=\"_self\" data-id=\"e64b9e1\" data-element_type=\"column\" data-settings=\"{&quot;background_background&quot;:&quot;classic&quot;}\">\n\t\t\t<div class=\"elementor-widget-wrap elementor-element-populated\">\n\t\t\t\t\t\t\t\t<div class=\"elementor-element elementor-element-33025f5 elementor-widget elementor-widget-heading\" data-id=\"33025f5\" data-element_type=\"widget\" data-widget_type=\"heading.default\">\n\t\t\t\t<div class=\"elementor-widget-container\">\n\t\t\t<h3 class=\"elementor-heading-title elementor-size-default\">PODATKI<\/h3>\t\t<\/div>\n\t\t\t\t<\/div>\n\t\t\t\t\t<\/div>\n\t\t<\/div>\n\t\t\t\t\t\t\t<\/div>\n\t\t<\/section>\n\t\t\t\t<section class=\"elementor-section elementor-top-section elementor-element elementor-element-fc95143 elementor-section-boxed elementor-section-height-default elementor-section-height-default\" data-id=\"fc95143\" data-element_type=\"section\">\n\t\t\t\t\t\t<div class=\"elementor-container elementor-column-gap-default\">\n\t\t\t\t\t<div class=\"elementor-column elementor-col-100 elementor-top-column elementor-element elementor-element-7ac93e0\" data-id=\"7ac93e0\" data-element_type=\"column\">\n\t\t\t<div class=\"elementor-widget-wrap elementor-element-populated\">\n\t\t\t\t\t\t\t\t<div class=\"elementor-element elementor-element-57f20fa elementor-widget elementor-widget-spacer\" data-id=\"57f20fa\" data-element_type=\"widget\" data-widget_type=\"spacer.default\">\n\t\t\t\t<div class=\"elementor-widget-container\">\n\t\t\t\t\t<div class=\"elementor-spacer\">\n\t\t\t<div class=\"elementor-spacer-inner\"><\/div>\n\t\t<\/div>\n\t\t\t\t<\/div>\n\t\t\t\t<\/div>\n\t\t\t\t\t<\/div>\n\t\t<\/div>\n\t\t\t\t\t\t\t<\/div>\n\t\t<\/section>\n\t\t\t\t\t\t\t<\/div>","protected":false},"excerpt":{"rendered":"<p>ITTAX powsta\u0142o z pasji. Stworzyli je ludzi, kt\u00f3rym nie wystarcza realizowanie projekt\u00f3w. W ITTAX \u015bwiadczymy kompleksowe us\u0142ugi najwy\u017cszej jako\u015bci zar\u00f3wno merytorycznej, jak i technologicznej. Jeste\u015bmy firm\u0105 specjalizuj\u0105 si\u0119 w \u015bwiadczeniu us\u0142ug doradczych z&nbsp;obszar\u00f3w podatk\u00f3w, rachunkowo\u015bci i finans\u00f3w oraz w tworzeniu wysokiej jako\u015bci oprogramowania i narz\u0119dzi wspieraj\u0105cych funkcjonowanie dzia\u0142\u00f3w ksi\u0119gowych i podatkowych. Nasz zesp\u00f3\u0142, to grupa&hellip;&nbsp;<a href=\"https:\/\/ittax.pl\/en\/ittax\/\" class=\"\" rel=\"bookmark\">Read More &raquo;<span class=\"screen-reader-text\">ITTAX<\/span><\/a><\/p>","protected":false},"author":2,"featured_media":0,"parent":0,"menu_order":0,"comment_status":"closed","ping_status":"closed","template":"elementor_header_footer","meta":{"neve_meta_sidebar":"","neve_meta_container":"","neve_meta_enable_content_width":"","neve_meta_content_width":0,"neve_meta_title_alignment":"","neve_meta_author_avatar":"","neve_post_elements_order":"","neve_meta_disable_header":"","neve_meta_disable_footer":"","neve_meta_disable_title":"","footnotes":""},"_links":{"self":[{"href":"https:\/\/ittax.pl\/en\/wp-json\/wp\/v2\/pages\/1184"}],"collection":[{"href":"https:\/\/ittax.pl\/en\/wp-json\/wp\/v2\/pages"}],"about":[{"href":"https:\/\/ittax.pl\/en\/wp-json\/wp\/v2\/types\/page"}],"author":[{"embeddable":true,"href":"https:\/\/ittax.pl\/en\/wp-json\/wp\/v2\/users\/2"}],"replies":[{"embeddable":true,"href":"https:\/\/ittax.pl\/en\/wp-json\/wp\/v2\/comments?post=1184"}],"version-history":[{"count":4,"href":"https:\/\/ittax.pl\/en\/wp-json\/wp\/v2\/pages\/1184\/revisions"}],"predecessor-version":[{"id":1589,"href":"https:\/\/ittax.pl\/en\/wp-json\/wp\/v2\/pages\/1184\/revisions\/1589"}],"wp:attachment":[{"href":"https:\/\/ittax.pl\/en\/wp-json\/wp\/v2\/media?parent=1184"}],"curies":[{"name":"wp","href":"https:\/\/api.w.org\/{rel}","templated":true}]}}