{"id":1188,"date":"2016-09-05T20:01:09","date_gmt":"2016-09-05T18:01:09","guid":{"rendered":"http:\/\/demos.famethemes.com\/screenr\/?page_id=15"},"modified":"2020-11-10T17:10:02","modified_gmt":"2020-11-10T16:10:02","slug":"procesy","status":"publish","type":"page","link":"https:\/\/ittax.pl\/en\/procesy\/","title":{"rendered":"Procesy"},"content":{"rendered":"<div data-elementor-type=\"wp-page\" data-elementor-id=\"1188\" class=\"elementor elementor-1188\" data-elementor-post-type=\"page\">\n\t\t\t\t\t\t\t\t\t<section class=\"elementor-section elementor-top-section elementor-element elementor-element-52fb1bfd elementor-section-boxed elementor-section-height-default elementor-section-height-default\" data-id=\"52fb1bfd\" data-element_type=\"section\">\n\t\t\t\t\t\t<div class=\"elementor-container elementor-column-gap-default\">\n\t\t\t\t\t<div class=\"elementor-column elementor-col-100 elementor-top-column elementor-element elementor-element-16dd3ef4\" data-id=\"16dd3ef4\" data-element_type=\"column\" data-settings=\"{&quot;background_background&quot;:&quot;classic&quot;}\">\n\t\t\t<div class=\"elementor-widget-wrap elementor-element-populated\">\n\t\t\t\t\t\t\t\t<div class=\"elementor-element elementor-element-4cc4f7ff elementor-widget elementor-widget-text-editor\" data-id=\"4cc4f7ff\" data-element_type=\"widget\" data-widget_type=\"text-editor.default\">\n\t\t\t\t<div class=\"elementor-widget-container\">\n\t\t\t\t\t\t\tITTAX \u015bwiadczy szereg us\u0142ug zwi\u0105zanych z popraw\u0105 jako\u015bci i usprawnieniem proces\u00f3w ksi\u0119gowych i podatkowych w przedsi\u0119biorstwach.\n\nW ramach naszych us\u0142ug, oferujemy wsparcie w obszarach:\n<ul>\n \t<li>Definiowania wymaga\u0144 prawno-podatkowych dla wdro\u017ce\u0144 system\u00f3w finansowo-ksi\u0119gowych i system\u00f3w klasy ERP;<\/li>\n \t<li>Analizy proces\u00f3w AS-IS, tworzenie map proces\u00f3w i analiza efektywno\u015bci;<\/li>\n \t<li>Projektowania proces\u00f3w docelowych;<\/li>\n \t<li>Ustawiania punkt\u00f3w kontrolnych w procesach ksi\u0119gowych i podatkowych;<\/li>\n \t<li>Asysty oko\u0142owdro\u017ceniowej system\u00f3w klasy ERP i finansowo-ksi\u0119gowych;<\/li>\n \t<li>Testowania system\u00f3w klasy ERP i finansowo-ksi\u0119gowych pod k\u0105tem zgodno\u015bci z przepisami polskiego prawa podatkowego i ustawy o&nbsp;rachunkowo\u015bci;<\/li>\n \t<li>Tworzenia map ryzyk zwi\u0105zanych z przebiegiem proces\u00f3w podatkowych lub ksi\u0119gowych;<\/li>\n \t<li>Automatyzacji proces\u00f3w podatkowych;<\/li>\n \t<li>Wdra\u017cania robot\u00f3w i bot\u00f3w w procesach ksi\u0119gowych i podatkowych;<\/li>\n \t<li>Definiowania r\u00f3l i konsultacje w zakresie budowania funkcji podatkowej w przedsi\u0119biorstwach.<\/li>\n<\/ul>\t\t\t\t\t\t<\/div>\n\t\t\t\t<\/div>\n\t\t\t\t\t<\/div>\n\t\t<\/div>\n\t\t\t\t\t\t\t<\/div>\n\t\t<\/section>\n\t\t\t\t<section class=\"elementor-section elementor-top-section elementor-element elementor-element-ee99375 elementor-section-boxed elementor-section-height-default elementor-section-height-default\" data-id=\"ee99375\" data-element_type=\"section\">\n\t\t\t\t\t\t<div class=\"elementor-container elementor-column-gap-default\">\n\t\t\t\t\t<div class=\"elementor-column elementor-col-100 elementor-top-column elementor-element elementor-element-49c539e\" data-id=\"49c539e\" data-element_type=\"column\">\n\t\t\t<div class=\"elementor-widget-wrap elementor-element-populated\">\n\t\t\t\t\t\t\t\t<div class=\"elementor-element elementor-element-02f8166 elementor-widget elementor-widget-toggle\" data-id=\"02f8166\" data-element_type=\"widget\" data-widget_type=\"toggle.default\">\n\t\t\t\t<div class=\"elementor-widget-container\">\n\t\t\t\t\t<div class=\"elementor-toggle\">\n\t\t\t\t\t\t\t<div class=\"elementor-toggle-item\">\n\t\t\t\t\t<div id=\"elementor-tab-title-3111\" class=\"elementor-tab-title\" data-tab=\"1\" role=\"button\" aria-controls=\"elementor-tab-content-3111\" aria-expanded=\"false\">\n\t\t\t\t\t\t\t\t\t\t\t\t<span class=\"elementor-toggle-icon elementor-toggle-icon-left\" aria-hidden=\"true\">\n\t\t\t\t\t\t\t\t\t\t\t\t\t\t\t<span class=\"elementor-toggle-icon-closed\"><i class=\"fas fa-chevron-right\"><\/i><\/span>\n\t\t\t\t\t\t\t\t<span class=\"elementor-toggle-icon-opened\"><i class=\"elementor-toggle-icon-opened fas fa-chevron-down\"><\/i><\/span>\n\t\t\t\t\t\t\t\t\t\t\t\t\t<\/span>\n\t\t\t\t\t\t\t\t\t\t\t\t<a class=\"elementor-toggle-title\" tabindex=\"0\">NOWY SYSTEM FINANSOWO-KSI\u0118GOWY<\/a>\n\t\t\t\t\t<\/div>\n\n\t\t\t\t\t<div id=\"elementor-tab-content-3111\" class=\"elementor-tab-content elementor-clearfix\" data-tab=\"1\" role=\"region\" aria-labelledby=\"elementor-tab-title-3111\"><div id=\"nipinpektor\"><p>Wdro\u017cenie nowego systemu finansowo-ksi\u0119gowego to du\u017ce wyzwanie dla ka\u017cdej organizacji, tak\u017ce w obszarze finans\u00f3w i podatk\u00f3w. Ka\u017cdy system jest inny i ka\u017cdy posiada swoj\u0105 specyfik\u0119.<\/p><p>Zmiana systemu wi\u0105\u017ce si\u0119 ze zmian\u0105 w zakresie ewidencji ksi\u0119gowej, raportowania finansowego, a co za tym idzie r\u00f3wnie\u017c w obszarze raportowania podatkowego. W nowych systemie musisz:<\/p><ul><li>Skonfigurowa\u0107 rozwi\u0105zanie VAT;<\/li><li>Ustali\u0107 regu\u0142y nadawania daty obowi\u0105zku podatkowego w VAT;<\/li><li>Sprawdzi\u0107 dost\u0119pne raporty podatkowe w zakresie VAT, w tym rejestry VAT, VAT-UE, JPK_VAT i JPK_V7<\/li><li>Zbudowa\u0107 rozwi\u0105zanie dla podatku dochodowego oraz raportowanie dla podatku u \u017ar\u00f3d\u0142a;<\/li><li>Zweryfikowa\u0107 rozwi\u0105zanie dla struktur JPK na \u017c\u0105danie;<\/li><li>Zweryfikowa\u0107 rozwi\u0105zanie dla \u015brodk\u00f3w trwa\u0142ych, magazyn\u00f3w (KWS), wyceny transakcji po k\u0105tem spe\u0142nienia wymog\u00f3w polskiego prawa podatkowego;<\/li><li>Wdro\u017cy\u0107 rozwi\u0105zanie dla tzw. Bia\u0142ej listy.<\/li><\/ul><p>Nasi specjali\u015bci maj\u0105 bogate do\u015bwiadczenia w projektach wdro\u017ceniowych system\u00f3w finansowo-ksi\u0119gowych i system\u00f3w klasy ERP. Jako jedni z nielicznych w Polsce mieli\u015bmy okazj\u0119 wdra\u017ca\u0107 system Oracle Fusion\u00ae (pierwsze dwa wdro\u017cenia w Polsce) oraz system SAP4Hana\u00ae w najnowszej wersji chmurowej w modelu SaaS (pierwsze wdro\u017cenie w Polsce uwzgl\u0119dniaj\u0105ce pe\u0142n\u0105 lokalizacj\u0119).<\/p><p>Wdra\u017casz nowy system finansowo-ksi\u0119gowy? Nie wahaj si\u0119, skorzystaj z do\u015bwiadczonego zespo\u0142u i szeregu wypracowanych, gotowych rozwi\u0105za\u0144.<\/p><p><em>*Znaki firmowe Oracle Fusion oraz SAP4Hana s\u0105 znakami towarowymi nale\u017c\u0105cymi odpowiednio do Oracle Corporation oraz SAP AG. Ich umieszczenie w niniejszym materiale ma charakter czysto informacyjny.<\/em><\/p><\/div><\/div>\n\t\t\t\t<\/div>\n\t\t\t\t\t\t\t<div class=\"elementor-toggle-item\">\n\t\t\t\t\t<div id=\"elementor-tab-title-3112\" class=\"elementor-tab-title\" data-tab=\"2\" role=\"button\" aria-controls=\"elementor-tab-content-3112\" aria-expanded=\"false\">\n\t\t\t\t\t\t\t\t\t\t\t\t<span class=\"elementor-toggle-icon elementor-toggle-icon-left\" aria-hidden=\"true\">\n\t\t\t\t\t\t\t\t\t\t\t\t\t\t\t<span class=\"elementor-toggle-icon-closed\"><i class=\"fas fa-chevron-right\"><\/i><\/span>\n\t\t\t\t\t\t\t\t<span class=\"elementor-toggle-icon-opened\"><i class=\"elementor-toggle-icon-opened fas fa-chevron-down\"><\/i><\/span>\n\t\t\t\t\t\t\t\t\t\t\t\t\t<\/span>\n\t\t\t\t\t\t\t\t\t\t\t\t<a class=\"elementor-toggle-title\" tabindex=\"0\">NALE\u017bYTA STARANNO\u015a\u0106<\/a>\n\t\t\t\t\t<\/div>\n\n\t\t\t\t\t<div id=\"elementor-tab-content-3112\" class=\"elementor-tab-content elementor-clearfix\" data-tab=\"2\" role=\"region\" aria-labelledby=\"elementor-tab-title-3112\"><p>Nale\u017cyta staranno\u015b\u0107, to w ostatnich latach jedno z najistotniejszych zagadnie\u0144 w tzw. compliance podatkowym. Pocz\u0105tkowo, poj\u0119cie nale\u017cytej staranno\u015bci odnoszone by\u0142o jedynie do kwestii VAT w kontek\u015bcie unikania nie\u015bwiadomego uczestnictwa w przest\u0119pstwach VAT.<\/p><p>Od jakiego\u015b czasu jednak, poj\u0119cie to zosta\u0142o rozszerzone i obejmuje r\u00f3wnie\u017c kwestie zwi\u0105zane z podatkiem dochodowym, cenami transferowymi, podatkiem u \u017ar\u00f3d\u0142a i MDR.<\/p><p>Standardem staje si\u0119 posiadanie przez firmy odpowiednich procedur nale\u017cytej staranno\u015bci obejmuj\u0105cych swym zakresem:<\/p><ul><li>List\u0119 i opis stosowanych w procesach podatkowych kontroli<\/li><li>Dowody prowadzonych kontroli<\/li><li>Podzia\u0142 odpowiedzialno\u015bci<\/li><li>Opis stosowanych narz\u0119dzi<\/li><li>\u015acie\u017ck\u0119 audytow\u0105<\/li><\/ul><p>Je\u015bli Twoja firma rozwa\u017ca wprowadzenie procedury nale\u017cytej staranno\u015bci lub weryfikacj\u0119 istniej\u0105cych procedur, jeste\u015bmy do dyspozycji.<\/p><\/div>\n\t\t\t\t<\/div>\n\t\t\t\t\t\t\t<div class=\"elementor-toggle-item\">\n\t\t\t\t\t<div id=\"elementor-tab-title-3113\" class=\"elementor-tab-title\" data-tab=\"3\" role=\"button\" aria-controls=\"elementor-tab-content-3113\" aria-expanded=\"false\">\n\t\t\t\t\t\t\t\t\t\t\t\t<span class=\"elementor-toggle-icon elementor-toggle-icon-left\" aria-hidden=\"true\">\n\t\t\t\t\t\t\t\t\t\t\t\t\t\t\t<span class=\"elementor-toggle-icon-closed\"><i class=\"fas fa-chevron-right\"><\/i><\/span>\n\t\t\t\t\t\t\t\t<span class=\"elementor-toggle-icon-opened\"><i class=\"elementor-toggle-icon-opened fas fa-chevron-down\"><\/i><\/span>\n\t\t\t\t\t\t\t\t\t\t\t\t\t<\/span>\n\t\t\t\t\t\t\t\t\t\t\t\t<a class=\"elementor-toggle-title\" tabindex=\"0\">SPRAWNE RAPORTOWANIE<\/a>\n\t\t\t\t\t<\/div>\n\n\t\t\t\t\t<div id=\"elementor-tab-content-3113\" class=\"elementor-tab-content elementor-clearfix\" data-tab=\"3\" role=\"region\" aria-labelledby=\"elementor-tab-title-3113\">Raportowanie podatkowe w Polsce nie jest proste, \u0142atwe i przyjemne. Polskie prawo podatkowe jest jednym z najbardziej skomplikowanych w Unii Europejskiej. Wiele przepis\u00f3w pozostaje wr\u0119cz w sprzeczno\u015bci z mo\u017cliwo\u015bci\u0105 automatycznego pozyskiwania danych, bo po prostu takich danych w systemach nie ma. Bardzo cz\u0119sto, aby poprawnie raportowa\u0107 zagadnienia podatkowe, nale\u017cy po\u0142\u0105czy\u0107 ze sob\u0105 wiele informacji, nie tylko finansowych.\n\nW konsekwencji wiele organizacji, nawet bardzo du\u017cych, prowadzi rozliczenia podatkowe ca\u0142kowicie r\u0119cznie. Sprawia to, \u017ce policzenie podatk\u00f3w jest czasoch\u0142onne, podatne na b\u0142\u0119dy oraz bazuje na wiedzy pojedynczych os\u00f3b nara\u017caj\u0105c na ryzyko braku mo\u017cliwo\u015bci kontynuacji prowadzenia kalkulacji w przypadku nieobecno\u015bci tych os\u00f3b.\n\nJak temu zaradzi\u0107?\n\nNasz\u0105 recept\u0105 jest:\n<ul>\n \t<li>Zmieni\u0107 podej\u015bcie i nastawienie do liczenia podatk\u00f3w.<\/li>\n \t<li>Zacz\u0105\u0107 korzysta\u0107 z danych podatkowych, tak jak z ka\u017cdych innych danych, czyli do wyci\u0105gania wniosk\u00f3w i uczenia siebie i organizacji.<\/li>\n \t<li>Wdro\u017cy\u0107 przejrzyste procesy.<\/li>\n \t<li>Wprowadzi\u0107 narz\u0119dzia i wykorzysta\u0107 potencja\u0142 os\u00f3b kalkuluj\u0105cych podatki do bardziej kreatywnych zada\u0144, ni\u017c dodawanie liczb.<\/li>\n<\/ul>\nPotrafimy usprawnia\u0107 raportowanie.\n\nDzi\u0119ki naszym projektom wiele firm oszcz\u0119dza setki godzin rocznie, poprawia jako\u015b\u0107 kalkulacji, ogranicza ryzyko utraty wiedzy i jest otwartych na nowe wyzwania, co chwil\u0119 dostarczane nam przez Ministerstwo Finans\u00f3w.\n\nChcesz wiedzie\u0107 wi\u0119cej? Skontaktuj si\u0119 z nami.<\/div>\n\t\t\t\t<\/div>\n\t\t\t\t\t\t\t<div class=\"elementor-toggle-item\">\n\t\t\t\t\t<div id=\"elementor-tab-title-3114\" class=\"elementor-tab-title\" data-tab=\"4\" role=\"button\" aria-controls=\"elementor-tab-content-3114\" aria-expanded=\"false\">\n\t\t\t\t\t\t\t\t\t\t\t\t<span class=\"elementor-toggle-icon elementor-toggle-icon-left\" aria-hidden=\"true\">\n\t\t\t\t\t\t\t\t\t\t\t\t\t\t\t<span class=\"elementor-toggle-icon-closed\"><i class=\"fas fa-chevron-right\"><\/i><\/span>\n\t\t\t\t\t\t\t\t<span class=\"elementor-toggle-icon-opened\"><i class=\"elementor-toggle-icon-opened fas fa-chevron-down\"><\/i><\/span>\n\t\t\t\t\t\t\t\t\t\t\t\t\t<\/span>\n\t\t\t\t\t\t\t\t\t\t\t\t<a class=\"elementor-toggle-title\" tabindex=\"0\">AUTOMATYZACJA PROCES\u00d3W<\/a>\n\t\t\t\t\t<\/div>\n\n\t\t\t\t\t<div id=\"elementor-tab-content-3114\" class=\"elementor-tab-content elementor-clearfix\" data-tab=\"4\" role=\"region\" aria-labelledby=\"elementor-tab-title-3114\"><p>Automatyzacja proces\u00f3w to zagadnienie, kt\u00f3re pozwala bez w\u0105tpienia na uzyskanie wielu korzy\u015bci: oszcz\u0119dno\u015b\u0107 czasu, oszcz\u0119dno\u015b\u0107 \u015brodk\u00f3w, zwi\u0119kszenie tempa realizacji zada\u0144, zwi\u0119kszenie wydajno\u015bci czy poprawa jako\u015bci, to obszary, kt\u00f3re najwi\u0119cej zyskuj\u0105 przy wprowadzeniu automat\u00f3w.<\/p><p>Rozw\u00f3j technologii informatycznych pozwala nam na coraz wi\u0119cej. Zadania, kt\u00f3re wydawa\u0142oby si\u0119 jeszcze kilka lat temu nie ob\u0119d\u0105 si\u0119 bez cz\u0142owieka, teraz przejmuj\u0105 programy obdarzone zdolno\u015bci\u0105 uczenia si\u0119.<\/p><p>My tak\u017ce nie zostajemy z ty\u0142u i dajemy szans\u0119 naszym klientom na szybszy rozw\u00f3j swojego biznesu z naszymi automatami.<\/p><p>Poznaj \u015bwiat bot\u00f3w, robot\u00f3w i sztucznej inteligencji \u2013 wprowad\u017a u siebie:<\/p><ul><li>Automatyczne ksi\u0119gowania;<\/li><li>Automatyczne raportowanie;<\/li><li>Identyfikacj\u0119 anomalii;<\/li><li>Automatyczne projekcje finansowe;<\/li><\/ul><p>Zaoszcz\u0119d\u017a swoim pracownikom kilka, kilkana\u015bcie minut dziennie a uwolnisz ogromne, nowe zasoby!<\/p><p>Chcesz wiedzie\u0107 wi\u0119cej, skontaktuj si\u0119 z nami.<\/p><\/div>\n\t\t\t\t<\/div>\n\t\t\t\t\t\t\t\t<\/div>\n\t\t\t\t<\/div>\n\t\t\t\t<\/div>\n\t\t\t\t\t<\/div>\n\t\t<\/div>\n\t\t\t\t\t\t\t<\/div>\n\t\t<\/section>\n\t\t\t\t\t\t\t<\/div>","protected":false},"excerpt":{"rendered":"<p>Themes comes customizer to customize everything you needed, logo, colors, layout, social profiles and much more.<\/p>","protected":false},"author":2,"featured_media":0,"parent":0,"menu_order":0,"comment_status":"closed","ping_status":"closed","template":"","meta":{"neve_meta_sidebar":"","neve_meta_container":"","neve_meta_enable_content_width":"","neve_meta_content_width":70,"neve_meta_title_alignment":"","neve_meta_author_avatar":"","neve_post_elements_order":"","neve_meta_disable_header":"","neve_meta_disable_footer":"","neve_meta_disable_title":"","footnotes":""},"_links":{"self":[{"href":"https:\/\/ittax.pl\/en\/wp-json\/wp\/v2\/pages\/1188"}],"collection":[{"href":"https:\/\/ittax.pl\/en\/wp-json\/wp\/v2\/pages"}],"about":[{"href":"https:\/\/ittax.pl\/en\/wp-json\/wp\/v2\/types\/page"}],"author":[{"embeddable":true,"href":"https:\/\/ittax.pl\/en\/wp-json\/wp\/v2\/users\/2"}],"replies":[{"embeddable":true,"href":"https:\/\/ittax.pl\/en\/wp-json\/wp\/v2\/comments?post=1188"}],"version-history":[{"count":0,"href":"https:\/\/ittax.pl\/en\/wp-json\/wp\/v2\/pages\/1188\/revisions"}],"wp:attachment":[{"href":"https:\/\/ittax.pl\/en\/wp-json\/wp\/v2\/media?parent=1188"}],"curies":[{"name":"wp","href":"https:\/\/api.w.org\/{rel}","templated":true}]}}