{"id":1190,"date":"2016-09-05T20:12:29","date_gmt":"2016-09-05T18:12:29","guid":{"rendered":"http:\/\/demos.famethemes.com\/screenr\/?page_id=18"},"modified":"2020-11-10T17:20:54","modified_gmt":"2020-11-10T16:20:54","slug":"firmy-partnerskie","status":"publish","type":"page","link":"https:\/\/ittax.pl\/en\/firmy-partnerskie\/","title":{"rendered":"Firmy partnerskie"},"content":{"rendered":"<div data-elementor-type=\"wp-page\" data-elementor-id=\"1190\" class=\"elementor elementor-1190\" data-elementor-post-type=\"page\">\n\t\t\t\t\t\t\t\t\t<section class=\"elementor-section elementor-top-section elementor-element elementor-element-4b275c91 elementor-section-boxed elementor-section-height-default elementor-section-height-default\" data-id=\"4b275c91\" data-element_type=\"section\">\n\t\t\t\t\t\t<div class=\"elementor-container elementor-column-gap-default\">\n\t\t\t\t\t<div class=\"elementor-column elementor-col-100 elementor-top-column elementor-element elementor-element-152018a7\" data-id=\"152018a7\" data-element_type=\"column\">\n\t\t\t<div class=\"elementor-widget-wrap elementor-element-populated\">\n\t\t\t\t\t\t\t\t<div class=\"elementor-element elementor-element-3506d321 elementor-widget elementor-widget-text-editor\" data-id=\"3506d321\" data-element_type=\"widget\" data-widget_type=\"text-editor.default\">\n\t\t\t\t<div class=\"elementor-widget-container\">\n\t\t\t\t\t\t\t<p>Dzisiejszy \u015bwiat to \u015bwiat specjalizacji. Nie dzia\u0142amy sami. Stawiamy na wsp\u00f3\u0142prac\u0119. Nasze projekty realizujemy wsp\u00f3lnie z firmami partnerskimi z ca\u0142ego kraju. W efekcie praktycznie nie mamy ogranicze\u0144. Zawsze mo\u017cemy dobra\u0107 zesp\u00f3\u0142 w\u0142a\u015bciwych specjalist\u00f3w i zrealizowa\u0107 nawet najbardziej z\u0142o\u017cone zadania. Wsp\u00f3\u0142pracujemy jedynie z najlepszymi specjalistami o ugruntowanej pozycji rynkowej i wieloletnim do\u015bwiadczeniu.<\/p><p>Poznaj naszych partner\u00f3w.<\/p>\t\t\t\t\t\t<\/div>\n\t\t\t\t<\/div>\n\t\t\t\t\t<\/div>\n\t\t<\/div>\n\t\t\t\t\t\t\t<\/div>\n\t\t<\/section>\n\t\t\t\t<section class=\"elementor-section elementor-top-section elementor-element elementor-element-634e58a elementor-section-height-min-height elementor-section-items-stretch elementor-section-content-middle elementor-section-boxed elementor-section-height-default\" data-id=\"634e58a\" data-element_type=\"section\">\n\t\t\t\t\t\t<div class=\"elementor-container elementor-column-gap-default\">\n\t\t\t\t\t<div class=\"make-column-clickable-elementor elementor-column elementor-col-33 elementor-top-column elementor-element elementor-element-eff3540 clickable\" style=\"cursor: pointer;\" data-column-clickable=\"https:\/\/jezak.pl\/\" data-column-clickable-blank=\"_blank\" data-id=\"eff3540\" data-element_type=\"column\">\n\t\t\t<div class=\"elementor-widget-wrap elementor-element-populated\">\n\t\t\t\t\t\t\t\t<div class=\"elementor-element elementor-element-7a20e2f elementor-widget elementor-widget-image\" data-id=\"7a20e2f\" data-element_type=\"widget\" data-widget_type=\"image.default\">\n\t\t\t\t<div class=\"elementor-widget-container\">\n\t\t\t\t\t\t\t\t\t\t\t\t\t\t\t<img decoding=\"async\" loading=\"lazy\" width=\"316\" height=\"94\" src=\"https:\/\/ittax.pl\/wp-content\/uploads\/2020\/10\/logo_1_1.png\" class=\"attachment-large size-large wp-image-1319\" alt=\"\" srcset=\"https:\/\/ittax.pl\/wp-content\/uploads\/2020\/10\/logo_1_1.png 316w, https:\/\/ittax.pl\/wp-content\/uploads\/2020\/10\/logo_1_1-300x89.png 300w, https:\/\/ittax.pl\/wp-content\/uploads\/2020\/10\/logo_1_1-16x5.png 16w, https:\/\/ittax.pl\/wp-content\/uploads\/2020\/10\/logo_1_1-230x68.png 230w\" sizes=\"(max-width: 316px) 100vw, 316px\" \/>\t\t\t\t\t\t\t\t\t\t\t\t\t\t\t<\/div>\n\t\t\t\t<\/div>\n\t\t\t\t<div class=\"elementor-element elementor-element-efcdc8c elementor-absolute elementor-widget elementor-widget-heading\" data-id=\"efcdc8c\" data-element_type=\"widget\" data-settings=\"{&quot;_position&quot;:&quot;absolute&quot;}\" data-widget_type=\"heading.default\">\n\t\t\t\t<div class=\"elementor-widget-container\">\n\t\t\t<h5 class=\"elementor-heading-title elementor-size-default\">WARSZAWA<br\/><br\/>\nKSI\u0118GOWO\u015a\u0106 \/ PODATKI<\/h5>\t\t<\/div>\n\t\t\t\t<\/div>\n\t\t\t\t\t<\/div>\n\t\t<\/div>\n\t\t\t\t<div class=\"make-column-clickable-elementor elementor-column elementor-col-33 elementor-top-column elementor-element elementor-element-28285fc clickable\" style=\"cursor: pointer;\" data-column-clickable=\"http:\/\/lighthousetax.pl\/\" data-column-clickable-blank=\"_blank\" data-id=\"28285fc\" data-element_type=\"column\">\n\t\t\t<div class=\"elementor-widget-wrap elementor-element-populated\">\n\t\t\t\t\t\t\t\t<div class=\"elementor-element elementor-element-ff91536 elementor-widget elementor-widget-image\" data-id=\"ff91536\" data-element_type=\"widget\" data-widget_type=\"image.default\">\n\t\t\t\t<div class=\"elementor-widget-container\">\n\t\t\t\t\t\t\t\t\t\t\t\t\t\t\t<img decoding=\"async\" loading=\"lazy\" width=\"288\" height=\"64\" src=\"https:\/\/ittax.pl\/wp-content\/uploads\/2020\/10\/logo_1_2.png\" class=\"attachment-large size-large wp-image-1320\" alt=\"\" srcset=\"https:\/\/ittax.pl\/wp-content\/uploads\/2020\/10\/logo_1_2.png 288w, https:\/\/ittax.pl\/wp-content\/uploads\/2020\/10\/logo_1_2-16x4.png 16w, https:\/\/ittax.pl\/wp-content\/uploads\/2020\/10\/logo_1_2-230x51.png 230w\" sizes=\"(max-width: 288px) 100vw, 288px\" \/>\t\t\t\t\t\t\t\t\t\t\t\t\t\t\t<\/div>\n\t\t\t\t<\/div>\n\t\t\t\t<div class=\"elementor-element elementor-element-0e15c7b elementor-absolute elementor-widget elementor-widget-heading\" data-id=\"0e15c7b\" data-element_type=\"widget\" data-settings=\"{&quot;_position&quot;:&quot;absolute&quot;}\" data-widget_type=\"heading.default\">\n\t\t\t\t<div class=\"elementor-widget-container\">\n\t\t\t<h5 class=\"elementor-heading-title elementor-size-default\">WROC\u0141AW<br\/><br\/>\nDORADZTWO PODATKOWE<\/h5>\t\t<\/div>\n\t\t\t\t<\/div>\n\t\t\t\t\t<\/div>\n\t\t<\/div>\n\t\t\t\t<div class=\"make-column-clickable-elementor elementor-column elementor-col-33 elementor-top-column elementor-element elementor-element-8cf29d1 clickable\" style=\"cursor: pointer;\" data-column-clickable=\"https:\/\/www.ait.group\/\" data-column-clickable-blank=\"_blank\" data-id=\"8cf29d1\" data-element_type=\"column\">\n\t\t\t<div class=\"elementor-widget-wrap elementor-element-populated\">\n\t\t\t\t\t\t\t\t<div class=\"elementor-element elementor-element-5592c60 elementor-widget elementor-widget-image\" data-id=\"5592c60\" data-element_type=\"widget\" data-widget_type=\"image.default\">\n\t\t\t\t<div class=\"elementor-widget-container\">\n\t\t\t\t\t\t\t\t\t\t\t\t\t\t\t<img decoding=\"async\" loading=\"lazy\" width=\"164\" height=\"72\" src=\"https:\/\/ittax.pl\/wp-content\/uploads\/2020\/10\/logo_1_3.png\" class=\"attachment-large size-large wp-image-1321\" alt=\"\" srcset=\"https:\/\/ittax.pl\/wp-content\/uploads\/2020\/10\/logo_1_3.png 164w, https:\/\/ittax.pl\/wp-content\/uploads\/2020\/10\/logo_1_3-16x7.png 16w\" sizes=\"(max-width: 164px) 100vw, 164px\" \/>\t\t\t\t\t\t\t\t\t\t\t\t\t\t\t<\/div>\n\t\t\t\t<\/div>\n\t\t\t\t<div class=\"elementor-element elementor-element-84af48d elementor-absolute elementor-widget elementor-widget-heading\" data-id=\"84af48d\" data-element_type=\"widget\" data-settings=\"{&quot;_position&quot;:&quot;absolute&quot;}\" data-widget_type=\"heading.default\">\n\t\t\t\t<div class=\"elementor-widget-container\">\n\t\t\t<h5 class=\"elementor-heading-title elementor-size-default\">WARSZAWA<br\/><br\/>\nIT \/ US\u0141UGI PROGRAMISTYCZNE<\/h5>\t\t<\/div>\n\t\t\t\t<\/div>\n\t\t\t\t\t<\/div>\n\t\t<\/div>\n\t\t\t\t\t\t\t<\/div>\n\t\t<\/section>\n\t\t\t\t<section class=\"elementor-section elementor-top-section elementor-element elementor-element-e96bb42 elementor-section-height-min-height elementor-section-items-stretch elementor-section-content-middle elementor-section-boxed elementor-section-height-default\" data-id=\"e96bb42\" data-element_type=\"section\">\n\t\t\t\t\t\t<div class=\"elementor-container elementor-column-gap-default\">\n\t\t\t\t\t<div class=\"make-column-clickable-elementor elementor-column elementor-col-33 elementor-top-column elementor-element elementor-element-6c95f75 clickable\" style=\"cursor: pointer;\" data-column-clickable=\"https:\/\/opliku.pl\/\" data-column-clickable-blank=\"_blank\" data-id=\"6c95f75\" data-element_type=\"column\">\n\t\t\t<div class=\"elementor-widget-wrap elementor-element-populated\">\n\t\t\t\t\t\t\t\t<div class=\"elementor-element elementor-element-892ab41 elementor-widget elementor-widget-image\" data-id=\"892ab41\" data-element_type=\"widget\" data-widget_type=\"image.default\">\n\t\t\t\t<div class=\"elementor-widget-container\">\n\t\t\t\t\t\t\t\t\t\t\t\t\t\t\t<img decoding=\"async\" loading=\"lazy\" width=\"1000\" height=\"500\" src=\"https:\/\/ittax.pl\/wp-content\/uploads\/2020\/10\/logo_2_1.png\" class=\"attachment-large size-large wp-image-1322\" alt=\"\" srcset=\"https:\/\/ittax.pl\/wp-content\/uploads\/2020\/10\/logo_2_1.png 1000w, https:\/\/ittax.pl\/wp-content\/uploads\/2020\/10\/logo_2_1-300x150.png 300w, https:\/\/ittax.pl\/wp-content\/uploads\/2020\/10\/logo_2_1-768x384.png 768w, https:\/\/ittax.pl\/wp-content\/uploads\/2020\/10\/logo_2_1-16x8.png 16w, https:\/\/ittax.pl\/wp-content\/uploads\/2020\/10\/logo_2_1-830x415.png 830w, https:\/\/ittax.pl\/wp-content\/uploads\/2020\/10\/logo_2_1-230x115.png 230w, https:\/\/ittax.pl\/wp-content\/uploads\/2020\/10\/logo_2_1-350x175.png 350w, https:\/\/ittax.pl\/wp-content\/uploads\/2020\/10\/logo_2_1-480x240.png 480w\" sizes=\"(max-width: 1000px) 100vw, 1000px\" \/>\t\t\t\t\t\t\t\t\t\t\t\t\t\t\t<\/div>\n\t\t\t\t<\/div>\n\t\t\t\t<div class=\"elementor-element elementor-element-7b66c93 elementor-absolute elementor-widget elementor-widget-heading\" data-id=\"7b66c93\" data-element_type=\"widget\" data-settings=\"{&quot;_position&quot;:&quot;absolute&quot;}\" data-widget_type=\"heading.default\">\n\t\t\t\t<div class=\"elementor-widget-container\">\n\t\t\t<h5 class=\"elementor-heading-title elementor-size-default\">KNOW-HOW<br\/><br\/>&nbsp;<\/h5>\t\t<\/div>\n\t\t\t\t<\/div>\n\t\t\t\t\t<\/div>\n\t\t<\/div>\n\t\t\t\t<div class=\"make-column-clickable-elementor elementor-column elementor-col-33 elementor-top-column elementor-element elementor-element-71c3570 clickable\" style=\"cursor: pointer;\" data-column-clickable=\"http:\/\/showit.pl\/\" data-column-clickable-blank=\"_blank\" data-id=\"71c3570\" data-element_type=\"column\">\n\t\t\t<div class=\"elementor-widget-wrap elementor-element-populated\">\n\t\t\t\t\t\t\t\t<div class=\"elementor-element elementor-element-8e91070 elementor-widget elementor-widget-image\" data-id=\"8e91070\" data-element_type=\"widget\" data-widget_type=\"image.default\">\n\t\t\t\t<div class=\"elementor-widget-container\">\n\t\t\t\t\t\t\t\t\t\t\t\t\t\t\t<img decoding=\"async\" loading=\"lazy\" width=\"139\" height=\"30\" src=\"https:\/\/ittax.pl\/wp-content\/uploads\/2020\/10\/logo_2_2.png\" class=\"attachment-large size-large wp-image-1323\" alt=\"\" srcset=\"https:\/\/ittax.pl\/wp-content\/uploads\/2020\/10\/logo_2_2.png 139w, https:\/\/ittax.pl\/wp-content\/uploads\/2020\/10\/logo_2_2-16x3.png 16w\" sizes=\"(max-width: 139px) 100vw, 139px\" \/>\t\t\t\t\t\t\t\t\t\t\t\t\t\t\t<\/div>\n\t\t\t\t<\/div>\n\t\t\t\t<div class=\"elementor-element elementor-element-4666617 elementor-absolute elementor-widget elementor-widget-heading\" data-id=\"4666617\" data-element_type=\"widget\" data-settings=\"{&quot;_position&quot;:&quot;absolute&quot;}\" data-widget_type=\"heading.default\">\n\t\t\t\t<div class=\"elementor-widget-container\">\n\t\t\t<h5 class=\"elementor-heading-title elementor-size-default\">WARSZAWA<br\/><br\/>\nIT \/ US\u0141UGI PROGRAMISTYCZNE<\/h5>\t\t<\/div>\n\t\t\t\t<\/div>\n\t\t\t\t\t<\/div>\n\t\t<\/div>\n\t\t\t\t<div class=\"elementor-column elementor-col-33 elementor-top-column elementor-element elementor-element-34921df clickable\" data-id=\"34921df\" data-element_type=\"column\">\n\t\t\t<div class=\"elementor-widget-wrap elementor-element-populated\">\n\t\t\t\t\t\t\t\t<div class=\"elementor-element elementor-element-d6fbdd2 elementor-widget elementor-widget-image\" data-id=\"d6fbdd2\" data-element_type=\"widget\" data-widget_type=\"image.default\">\n\t\t\t\t<div class=\"elementor-widget-container\">\n\t\t\t\t\t\t\t\t\t\t\t\t\t\t\t<img decoding=\"async\" loading=\"lazy\" width=\"242\" height=\"50\" src=\"https:\/\/ittax.pl\/wp-content\/uploads\/2020\/11\/Sciamus_logo.png\" class=\"attachment-large size-large wp-image-1563\" alt=\"\" srcset=\"https:\/\/ittax.pl\/wp-content\/uploads\/2020\/11\/Sciamus_logo.png 242w, https:\/\/ittax.pl\/wp-content\/uploads\/2020\/11\/Sciamus_logo-16x3.png 16w\" sizes=\"(max-width: 242px) 100vw, 242px\" \/>\t\t\t\t\t\t\t\t\t\t\t\t\t\t\t<\/div>\n\t\t\t\t<\/div>\n\t\t\t\t<div class=\"elementor-element elementor-element-38e1c9b elementor-absolute elementor-widget elementor-widget-heading\" data-id=\"38e1c9b\" data-element_type=\"widget\" data-settings=\"{&quot;_position&quot;:&quot;absolute&quot;}\" data-widget_type=\"heading.default\">\n\t\t\t\t<div class=\"elementor-widget-container\">\n\t\t\t<h5 class=\"elementor-heading-title elementor-size-default\">WARSZAWA<br\/><br\/>\nIT \/ US\u0141UGI PROGRAMISTYCZNE<\/h5>\t\t<\/div>\n\t\t\t\t<\/div>\n\t\t\t\t\t<\/div>\n\t\t<\/div>\n\t\t\t\t\t\t\t<\/div>\n\t\t<\/section>\n\t\t\t\t<section class=\"elementor-section elementor-top-section elementor-element elementor-element-4b89d3d elementor-section-height-min-height elementor-section-items-stretch elementor-section-content-middle elementor-section-boxed elementor-section-height-default\" data-id=\"4b89d3d\" data-element_type=\"section\">\n\t\t\t\t\t\t<div class=\"elementor-container elementor-column-gap-default\">\n\t\t\t\t\t<div class=\"make-column-clickable-elementor elementor-column elementor-col-33 elementor-top-column elementor-element elementor-element-911158b clickable\" style=\"cursor: pointer;\" data-column-clickable=\"http:\/\/www.atneo.pl\/\" data-column-clickable-blank=\"_blank\" data-id=\"911158b\" data-element_type=\"column\">\n\t\t\t<div class=\"elementor-widget-wrap elementor-element-populated\">\n\t\t\t\t\t\t\t\t<div class=\"elementor-element elementor-element-9079ba8 elementor-widget elementor-widget-image\" data-id=\"9079ba8\" data-element_type=\"widget\" data-widget_type=\"image.default\">\n\t\t\t\t<div class=\"elementor-widget-container\">\n\t\t\t\t\t\t\t\t\t\t\t\t\t\t\t<img decoding=\"async\" loading=\"lazy\" width=\"108\" height=\"94\" src=\"https:\/\/ittax.pl\/wp-content\/uploads\/2020\/10\/logo_2_3.png\" class=\"attachment-large size-large wp-image-1324\" alt=\"\" srcset=\"https:\/\/ittax.pl\/wp-content\/uploads\/2020\/10\/logo_2_3.png 108w, https:\/\/ittax.pl\/wp-content\/uploads\/2020\/10\/logo_2_3-14x12.png 14w\" sizes=\"(max-width: 108px) 100vw, 108px\" \/>\t\t\t\t\t\t\t\t\t\t\t\t\t\t\t<\/div>\n\t\t\t\t<\/div>\n\t\t\t\t<div class=\"elementor-element elementor-element-715d0ce elementor-absolute elementor-widget elementor-widget-heading\" data-id=\"715d0ce\" data-element_type=\"widget\" data-settings=\"{&quot;_position&quot;:&quot;absolute&quot;}\" data-widget_type=\"heading.default\">\n\t\t\t\t<div class=\"elementor-widget-container\">\n\t\t\t<h5 class=\"elementor-heading-title elementor-size-default\">WARSZAWA<br\/><br\/>\nDORADZTWO CELNE, AKCYZOWE I PODATKOWE<\/h5>\t\t<\/div>\n\t\t\t\t<\/div>\n\t\t\t\t\t<\/div>\n\t\t<\/div>\n\t\t\t\t<div class=\"make-column-clickable-elementor elementor-column elementor-col-33 elementor-top-column elementor-element elementor-element-3bd5e96 clickable\" style=\"cursor: pointer;\" data-column-clickable=\"https:\/\/www.mvptax.pl\/\" data-column-clickable-blank=\"_blank\" data-id=\"3bd5e96\" data-element_type=\"column\">\n\t\t\t<div class=\"elementor-widget-wrap elementor-element-populated\">\n\t\t\t\t\t\t\t\t<div class=\"elementor-element elementor-element-b8d9af9 elementor-widget elementor-widget-image\" data-id=\"b8d9af9\" data-element_type=\"widget\" data-widget_type=\"image.default\">\n\t\t\t\t<div class=\"elementor-widget-container\">\n\t\t\t\t\t\t\t\t\t\t\t\t\t\t\t<img decoding=\"async\" loading=\"lazy\" width=\"110\" height=\"67\" src=\"https:\/\/ittax.pl\/wp-content\/uploads\/2020\/10\/logo_3_1.png\" class=\"attachment-large size-large wp-image-1325\" alt=\"\" srcset=\"https:\/\/ittax.pl\/wp-content\/uploads\/2020\/10\/logo_3_1.png 110w, https:\/\/ittax.pl\/wp-content\/uploads\/2020\/10\/logo_3_1-16x10.png 16w\" sizes=\"(max-width: 110px) 100vw, 110px\" \/>\t\t\t\t\t\t\t\t\t\t\t\t\t\t\t<\/div>\n\t\t\t\t<\/div>\n\t\t\t\t<div class=\"elementor-element elementor-element-729975e elementor-absolute elementor-widget elementor-widget-heading\" data-id=\"729975e\" data-element_type=\"widget\" data-settings=\"{&quot;_position&quot;:&quot;absolute&quot;}\" data-widget_type=\"heading.default\">\n\t\t\t\t<div class=\"elementor-widget-container\">\n\t\t\t<h5 class=\"elementor-heading-title elementor-size-default\">WARSZAWA<br\/><br\/>DORADZTWO PODATKOWE<\/h5>\t\t<\/div>\n\t\t\t\t<\/div>\n\t\t\t\t\t<\/div>\n\t\t<\/div>\n\t\t\t\t<div class=\"elementor-column elementor-col-33 elementor-top-column elementor-element elementor-element-a7c3f80 clickable\" data-id=\"a7c3f80\" data-element_type=\"column\">\n\t\t\t<div class=\"elementor-widget-wrap elementor-element-populated\">\n\t\t\t\t\t\t\t\t<div class=\"elementor-element elementor-element-5e50ce3 elementor-widget elementor-widget-image\" data-id=\"5e50ce3\" data-element_type=\"widget\" data-widget_type=\"image.default\">\n\t\t\t\t<div class=\"elementor-widget-container\">\n\t\t\t\t\t\t\t\t\t\t\t\t\t\t\t<img decoding=\"async\" loading=\"lazy\" width=\"246\" height=\"79\" src=\"https:\/\/ittax.pl\/wp-content\/uploads\/2020\/10\/logo_4_1.png\" class=\"attachment-large size-large wp-image-1326\" alt=\"\" srcset=\"https:\/\/ittax.pl\/wp-content\/uploads\/2020\/10\/logo_4_1.png 246w, https:\/\/ittax.pl\/wp-content\/uploads\/2020\/10\/logo_4_1-16x5.png 16w, https:\/\/ittax.pl\/wp-content\/uploads\/2020\/10\/logo_4_1-230x74.png 230w\" sizes=\"(max-width: 246px) 100vw, 246px\" \/>\t\t\t\t\t\t\t\t\t\t\t\t\t\t\t<\/div>\n\t\t\t\t<\/div>\n\t\t\t\t<div class=\"elementor-element elementor-element-a530dcb elementor-absolute elementor-widget elementor-widget-heading\" data-id=\"a530dcb\" data-element_type=\"widget\" data-settings=\"{&quot;_position&quot;:&quot;absolute&quot;}\" data-widget_type=\"heading.default\">\n\t\t\t\t<div class=\"elementor-widget-container\">\n\t\t\t<h5 class=\"elementor-heading-title elementor-size-default\">TECHNOLOGIE W PODATKACH<br\/><br\/>&nbsp;<\/h5>\t\t<\/div>\n\t\t\t\t<\/div>\n\t\t\t\t\t<\/div>\n\t\t<\/div>\n\t\t\t\t\t\t\t<\/div>\n\t\t<\/section>\n\t\t\t\t<section class=\"elementor-section elementor-top-section elementor-element elementor-element-e68c4ee elementor-section-height-min-height elementor-section-items-stretch elementor-section-content-middle elementor-section-boxed elementor-section-height-default\" data-id=\"e68c4ee\" data-element_type=\"section\">\n\t\t\t\t\t\t<div class=\"elementor-container elementor-column-gap-default\">\n\t\t\t\t\t<div class=\"make-column-clickable-elementor elementor-column elementor-col-33 elementor-top-column elementor-element elementor-element-788abd0 clickable\" style=\"cursor: pointer;\" data-column-clickable=\"http:\/\/taxeno.pl\/\" data-column-clickable-blank=\"_blank\" data-id=\"788abd0\" data-element_type=\"column\">\n\t\t\t<div class=\"elementor-widget-wrap elementor-element-populated\">\n\t\t\t\t\t\t\t\t<div class=\"elementor-element elementor-element-2495c3f elementor-widget elementor-widget-image\" data-id=\"2495c3f\" data-element_type=\"widget\" data-widget_type=\"image.default\">\n\t\t\t\t<div class=\"elementor-widget-container\">\n\t\t\t\t\t\t\t\t\t\t\t\t\t\t\t<img decoding=\"async\" loading=\"lazy\" width=\"245\" height=\"245\" src=\"https:\/\/ittax.pl\/wp-content\/uploads\/2020\/10\/logo_4_2.jpg\" class=\"attachment-large size-large wp-image-1327\" alt=\"\" srcset=\"https:\/\/ittax.pl\/wp-content\/uploads\/2020\/10\/logo_4_2.jpg 245w, https:\/\/ittax.pl\/wp-content\/uploads\/2020\/10\/logo_4_2-150x150.jpg 150w, https:\/\/ittax.pl\/wp-content\/uploads\/2020\/10\/logo_4_2-12x12.jpg 12w, https:\/\/ittax.pl\/wp-content\/uploads\/2020\/10\/logo_4_2-230x230.jpg 230w\" sizes=\"(max-width: 245px) 100vw, 245px\" \/>\t\t\t\t\t\t\t\t\t\t\t\t\t\t\t<\/div>\n\t\t\t\t<\/div>\n\t\t\t\t<div class=\"elementor-element elementor-element-31404ad elementor-absolute elementor-widget elementor-widget-heading\" data-id=\"31404ad\" data-element_type=\"widget\" data-settings=\"{&quot;_position&quot;:&quot;absolute&quot;}\" data-widget_type=\"heading.default\">\n\t\t\t\t<div class=\"elementor-widget-container\">\n\t\t\t<h5 class=\"elementor-heading-title elementor-size-default\">RZESZ\u00d3W<br\/><br\/>\nKSI\u0118GOWO\u015a\u0106 \/ PODATKI<\/h5>\t\t<\/div>\n\t\t\t\t<\/div>\n\t\t\t\t\t<\/div>\n\t\t<\/div>\n\t\t\t\t<div class=\"make-column-clickable-elementor elementor-column elementor-col-33 elementor-top-column elementor-element elementor-element-c265efa clickable\" style=\"cursor: pointer;\" data-column-clickable=\"http:\/\/www.atneo.pl\/\" data-column-clickable-blank=\"_blank\" data-id=\"c265efa\" data-element_type=\"column\">\n\t\t\t<div class=\"elementor-widget-wrap elementor-element-populated\">\n\t\t\t\t\t\t\t\t<div class=\"elementor-element elementor-element-b36c628 elementor-widget elementor-widget-image\" data-id=\"b36c628\" data-element_type=\"widget\" data-widget_type=\"image.default\">\n\t\t\t\t<div class=\"elementor-widget-container\">\n\t\t\t\t\t\t\t\t\t\t\t\t\t\t\t<img decoding=\"async\" loading=\"lazy\" width=\"308\" height=\"82\" src=\"https:\/\/ittax.pl\/wp-content\/uploads\/2020\/10\/logo_4_3.png\" class=\"attachment-large size-large wp-image-1328\" alt=\"\" srcset=\"https:\/\/ittax.pl\/wp-content\/uploads\/2020\/10\/logo_4_3.png 308w, https:\/\/ittax.pl\/wp-content\/uploads\/2020\/10\/logo_4_3-300x80.png 300w, https:\/\/ittax.pl\/wp-content\/uploads\/2020\/10\/logo_4_3-16x4.png 16w, https:\/\/ittax.pl\/wp-content\/uploads\/2020\/10\/logo_4_3-230x61.png 230w\" sizes=\"(max-width: 308px) 100vw, 308px\" \/>\t\t\t\t\t\t\t\t\t\t\t\t\t\t\t<\/div>\n\t\t\t\t<\/div>\n\t\t\t\t<div class=\"elementor-element elementor-element-7fa34a1 elementor-absolute elementor-widget elementor-widget-heading\" data-id=\"7fa34a1\" data-element_type=\"widget\" data-settings=\"{&quot;_position&quot;:&quot;absolute&quot;}\" data-widget_type=\"heading.default\">\n\t\t\t\t<div class=\"elementor-widget-container\">\n\t\t\t<h5 class=\"elementor-heading-title elementor-size-default\"><a href=\"http:\/\/centrumklasyfikacji.pl\/\">WARSZAWA<br\/><br\/>\nDORADZTWO CELNE I VAT<\/a><\/h5>\t\t<\/div>\n\t\t\t\t<\/div>\n\t\t\t\t\t<\/div>\n\t\t<\/div>\n\t\t\t\t<div class=\"elementor-column elementor-col-33 elementor-top-column elementor-element elementor-element-6e55510 clickable elementor-hidden-desktop elementor-hidden-tablet elementor-hidden-phone\" data-id=\"6e55510\" data-element_type=\"column\">\n\t\t\t<div class=\"elementor-widget-wrap elementor-element-populated\">\n\t\t\t\t\t\t\t\t<div class=\"elementor-element elementor-element-4b716e3 elementor-widget elementor-widget-image\" data-id=\"4b716e3\" data-element_type=\"widget\" data-widget_type=\"image.default\">\n\t\t\t\t<div class=\"elementor-widget-container\">\n\t\t\t\t\t\t\t\t\t\t\t\t\t\t\t<img decoding=\"async\" loading=\"lazy\" width=\"108\" height=\"94\" src=\"https:\/\/ittax.pl\/wp-content\/uploads\/2020\/10\/logo_2_3.png\" class=\"attachment-large size-large wp-image-1324\" alt=\"\" srcset=\"https:\/\/ittax.pl\/wp-content\/uploads\/2020\/10\/logo_2_3.png 108w, https:\/\/ittax.pl\/wp-content\/uploads\/2020\/10\/logo_2_3-14x12.png 14w\" sizes=\"(max-width: 108px) 100vw, 108px\" \/>\t\t\t\t\t\t\t\t\t\t\t\t\t\t\t<\/div>\n\t\t\t\t<\/div>\n\t\t\t\t<div class=\"elementor-element elementor-element-cccfc1d elementor-absolute elementor-widget elementor-widget-heading\" data-id=\"cccfc1d\" data-element_type=\"widget\" data-settings=\"{&quot;_position&quot;:&quot;absolute&quot;}\" data-widget_type=\"heading.default\">\n\t\t\t\t<div class=\"elementor-widget-container\">\n\t\t\t<h5 class=\"elementor-heading-title elementor-size-default\">WARSZAWA<br\/><br\/>\nDORADZTWO CELNE, AKCYZOWE I PODATKOWE<\/h5>\t\t<\/div>\n\t\t\t\t<\/div>\n\t\t\t\t\t<\/div>\n\t\t<\/div>\n\t\t\t\t\t\t\t<\/div>\n\t\t<\/section>\n\t\t\t\t<section class=\"elementor-section elementor-top-section elementor-element elementor-element-2133c32 elementor-section-boxed elementor-section-height-default elementor-section-height-default\" data-id=\"2133c32\" data-element_type=\"section\">\n\t\t\t\t\t\t<div class=\"elementor-container elementor-column-gap-default\">\n\t\t\t\t\t<div class=\"elementor-column elementor-col-100 elementor-top-column elementor-element elementor-element-4eaa088\" data-id=\"4eaa088\" data-element_type=\"column\">\n\t\t\t<div class=\"elementor-widget-wrap elementor-element-populated\">\n\t\t\t\t\t\t\t\t<div class=\"elementor-element elementor-element-7829ee2 elementor-widget elementor-widget-spacer\" data-id=\"7829ee2\" data-element_type=\"widget\" data-widget_type=\"spacer.default\">\n\t\t\t\t<div class=\"elementor-widget-container\">\n\t\t\t\t\t<div class=\"elementor-spacer\">\n\t\t\t<div class=\"elementor-spacer-inner\"><\/div>\n\t\t<\/div>\n\t\t\t\t<\/div>\n\t\t\t\t<\/div>\n\t\t\t\t\t<\/div>\n\t\t<\/div>\n\t\t\t\t\t\t\t<\/div>\n\t\t<\/section>\n\t\t\t\t\t\t\t<\/div>","protected":false},"excerpt":{"rendered":"<p>Where is the first place you look when you want to find something on the Internet? If you are like the vast majority of users then you would use a search engine.<\/p>","protected":false},"author":2,"featured_media":0,"parent":0,"menu_order":0,"comment_status":"closed","ping_status":"closed","template":"","meta":{"neve_meta_sidebar":"","neve_meta_container":"","neve_meta_enable_content_width":"","neve_meta_content_width":70,"neve_meta_title_alignment":"","neve_meta_author_avatar":"","neve_post_elements_order":"","neve_meta_disable_header":"","neve_meta_disable_footer":"","neve_meta_disable_title":"","footnotes":""},"_links":{"self":[{"href":"https:\/\/ittax.pl\/en\/wp-json\/wp\/v2\/pages\/1190"}],"collection":[{"href":"https:\/\/ittax.pl\/en\/wp-json\/wp\/v2\/pages"}],"about":[{"href":"https:\/\/ittax.pl\/en\/wp-json\/wp\/v2\/types\/page"}],"author":[{"embeddable":true,"href":"https:\/\/ittax.pl\/en\/wp-json\/wp\/v2\/users\/2"}],"replies":[{"embeddable":true,"href":"https:\/\/ittax.pl\/en\/wp-json\/wp\/v2\/comments?post=1190"}],"version-history":[{"count":0,"href":"https:\/\/ittax.pl\/en\/wp-json\/wp\/v2\/pages\/1190\/revisions"}],"wp:attachment":[{"href":"https:\/\/ittax.pl\/en\/wp-json\/wp\/v2\/media?parent=1190"}],"curies":[{"name":"wp","href":"https:\/\/api.w.org\/{rel}","templated":true}]}}