{"id":1192,"date":"2016-09-05T20:27:12","date_gmt":"2016-09-05T18:27:12","guid":{"rendered":"http:\/\/demos.famethemes.com\/screenr\/?page_id=21"},"modified":"2020-11-06T00:55:02","modified_gmt":"2020-11-05T23:55:02","slug":"aplikacje","status":"publish","type":"page","link":"https:\/\/ittax.pl\/en\/aplikacje\/","title":{"rendered":"Aplikacje"},"content":{"rendered":"<div data-elementor-type=\"wp-page\" data-elementor-id=\"1192\" class=\"elementor elementor-1192\" data-elementor-post-type=\"page\">\n\t\t\t\t\t\t\t\t\t<section class=\"elementor-section elementor-top-section elementor-element elementor-element-7ba7d606 elementor-section-boxed elementor-section-height-default elementor-section-height-default\" data-id=\"7ba7d606\" data-element_type=\"section\">\n\t\t\t\t\t\t<div class=\"elementor-container elementor-column-gap-default\">\n\t\t\t\t\t<div class=\"elementor-column elementor-col-100 elementor-top-column elementor-element elementor-element-1f8c50fb\" data-id=\"1f8c50fb\" data-element_type=\"column\">\n\t\t\t<div class=\"elementor-widget-wrap elementor-element-populated\">\n\t\t\t\t\t\t\t\t<div class=\"elementor-element elementor-element-ad04650 elementor-widget elementor-widget-text-editor\" data-id=\"ad04650\" data-element_type=\"widget\" data-widget_type=\"text-editor.default\">\n\t\t\t\t<div class=\"elementor-widget-container\">\n\t\t\t\t\t\t\t<p>Ka\u017cde nasze rozwi\u0105zanie informatyczne powsta\u0142o, bo dostrzegli\u015bmy realn\u0105 potrzeb\u0119 lub konkretny problem. Celem i wynikiem ka\u017cdego ze zrealizowanych wdro\u017ce\u0144 by\u0142y przede wszystkim poprawa komfortu pracy u\u017cytkownik\u00f3w oraz usprawnienia polegaj\u0105ce na:<\/p><ul><li>skr\u00f3ceniu czasu realizacji okre\u015blonych zada\u0144 lub proces\u00f3w,<\/li><li>umo\u017cliwieniu prowadzenia kontroli proces\u00f3w,<\/li><li>zapewnieniu transparentno\u015bci proces\u00f3w,<\/li><li>poprawie jako\u015bci danych i przep\u0142ywie informacji w ramach organizacji lub<\/li><li>wype\u0142nieniu wymaga\u0144 na\u0142o\u017conych przepisami prawa.<\/li><\/ul><p>Dbamy o to, aby zaprojektowane przez nas rozwi\u0105zania by\u0142y przyjazne u\u017cytkownikowi i \u0142atwe w u\u017cyciu.<\/p><p>W ramach swojej dzia\u0142alno\u015bci oferujemy us\u0142ugi typowe dla tzw. \u201esoftware house\u201d pomagaj\u0105c tworzy\u0107 zupe\u0142nie nowe, dedykowane oprogramowanie na indywidualne zam\u00f3wienia.<\/p><p>Od 2016 roku tworzymy tak\u017ce oprogramowanie standardowe (tzw. pude\u0142kowe) odpowiadaj\u0105ce potrzebom ka\u017cdego przedsi\u0119biorstwa. Przyjazne u\u017cytkownikowi, \u0142atwe w instalacji i adresuj\u0105ce konkretne potrzeby \u2013 to cechy naszych rozwi\u0105za\u0144 pude\u0142kowych. Sprawd\u017a nasz\u0105 ofert\u0119 rozwi\u0105za\u0144, kt\u00f3re z miejsca mo\u017cesz zaimplementowa\u0107 w Twoim przedsi\u0119biorstwie.<\/p>\t\t\t\t\t\t<\/div>\n\t\t\t\t<\/div>\n\t\t\t\t\t<\/div>\n\t\t<\/div>\n\t\t\t\t\t\t\t<\/div>\n\t\t<\/section>\n\t\t\t\t<section class=\"elementor-section elementor-top-section elementor-element elementor-element-3dd66a3 elementor-section-boxed elementor-section-height-default elementor-section-height-default\" data-id=\"3dd66a3\" data-element_type=\"section\">\n\t\t\t\t\t\t<div class=\"elementor-container elementor-column-gap-default\">\n\t\t\t\t\t<div class=\"elementor-column elementor-col-100 elementor-top-column elementor-element elementor-element-f1f8e9d\" data-id=\"f1f8e9d\" data-element_type=\"column\">\n\t\t\t<div class=\"elementor-widget-wrap elementor-element-populated\">\n\t\t\t\t\t\t\t\t<div class=\"elementor-element elementor-element-faad75a elementor-widget elementor-widget-toggle\" data-id=\"faad75a\" data-element_type=\"widget\" data-widget_type=\"toggle.default\">\n\t\t\t\t<div class=\"elementor-widget-container\">\n\t\t\t\t\t<div class=\"elementor-toggle\">\n\t\t\t\t\t\t\t<div class=\"elementor-toggle-item\">\n\t\t\t\t\t<div id=\"elementor-tab-title-2621\" class=\"elementor-tab-title\" data-tab=\"1\" role=\"button\" aria-controls=\"elementor-tab-content-2621\" aria-expanded=\"false\">\n\t\t\t\t\t\t\t\t\t\t\t\t<span class=\"elementor-toggle-icon elementor-toggle-icon-left\" aria-hidden=\"true\">\n\t\t\t\t\t\t\t\t\t\t\t\t\t\t\t<span class=\"elementor-toggle-icon-closed\"><i class=\"fas fa-chevron-right\"><\/i><\/span>\n\t\t\t\t\t\t\t\t<span class=\"elementor-toggle-icon-opened\"><i class=\"elementor-toggle-icon-opened fas fa-chevron-down\"><\/i><\/span>\n\t\t\t\t\t\t\t\t\t\t\t\t\t<\/span>\n\t\t\t\t\t\t\t\t\t\t\t\t<a class=\"elementor-toggle-title\" tabindex=\"0\">NIP INSPEKTOR<\/a>\n\t\t\t\t\t<\/div>\n\n\t\t\t\t\t<div id=\"elementor-tab-content-2621\" class=\"elementor-tab-content elementor-clearfix\" data-tab=\"1\" role=\"region\" aria-labelledby=\"elementor-tab-title-2621\"><div id=\"nipinpektor\">\u00a0<\/div><p>NIP Inspektor\u00ae to aplikacja umo\u017cliwiaj\u0105ca kompleksow\u0105 weryfikacj\u0119 kontrahent\u00f3w w zakresie statusu podatkowego oraz sprawdzanie danych w ramach tzw. \u201eczarnej listy\u201d KAS. Projektuj\u0105c NIP Inspektora\u00ae naszym celem by\u0142o stworzenie narz\u0119dzia przyjaznego w obs\u0142udze, przejrzystego, bezpiecznego a co najwa\u017cniejsze spe\u0142niaj\u0105cego potrzeby ka\u017cdej firmy. Dlatego te\u017c, w NIP Inspektor\u00ae wi\u0119kszo\u015b\u0107 czynno\u015bci odbywa si\u0119 automatycznie, a Twoja rola ogranicza si\u0119 do za\u0142adowania danych i wybrania czasu, kiedy chcesz, aby program wykona\u0142 za Ciebie ca\u0142\u0105 prac\u0119!<\/p><ul><li>Proste menu spowoduje, \u017ce od razu poczujesz si\u0119, jakby\u015b korzysta\u0142 z niego od zawsze \u2013 w projektowaniu NIP Inspektora\u00ae uczestniczyli zar\u00f3wno ksi\u0119gowi, jak i doradcy podatkowi z wieloletnim do\u015bwiadczeniem.<\/li><li>Mo\u017cesz za\u0142adowa\u0107 dane w wybranym przez Ciebie formacie: xls, xlsx, csv, txt lub zaimportowa\u0107 sw\u00f3j JPK_VAT \/ JPK_V7<\/li><li>Sam okre\u015blasz czas sprawdzenia i jego cz\u0119stotliwo\u015b\u0107! NIP Inspektor\u00ae mo\u017ce weryfikowa\u0107 numery VAT kontrahent\u00f3w np. codziennie!<\/li><li>Program sam \u0142\u0105czy si\u0119 z serwisami KAS i sprawdza Numery Identyfikacji Podatkowej polskich kontrahent\u00f3w, a numery podatnik\u00f3w z Unii Europejskiej w systemie VIES.<\/li><li>Po sko\u0144czonym sprawdzeniu, NIP Inspektor\u00ae automatycznie tworzy raporty \u2013 nie musisz nic robi\u0107! Ka\u017cda weryfikacja jest trwale oznaczona co do czasu (dnia i godziny) jej przeprowadzenia. Na dow\u00f3d sprawdzenia, dla ka\u017cdego numeru NIP, otrzymujesz zrzut ekranu ze strony internetowej Ministerstwa Finans\u00f3w lub numer unikalnego zapytania przes\u0142anego na serwis VIES.<\/li><li>Mo\u017cesz r\u00f3wnie\u017c pod\u0142\u0105czy\u0107 Inspektora do bazy danych (lokalnej lub na serwerze MSSQL) i trzyma\u0107 pe\u0142n\u0105 histori\u0119 sprawdze\u0144 w jednym miejscu.<\/li><\/ul><p>Wi\u0119cej informacji o NIP Inspektor\u00ae znajdziesz na <a href=\"http:\/\/www.nip-inspektor.pl\" target=\"_blank\" rel=\"noopener\">www.nip-inspektor.pl<\/a>.<\/p><\/div>\n\t\t\t\t<\/div>\n\t\t\t\t\t\t\t<div class=\"elementor-toggle-item\">\n\t\t\t\t\t<div id=\"elementor-tab-title-2622\" class=\"elementor-tab-title\" data-tab=\"2\" role=\"button\" aria-controls=\"elementor-tab-content-2622\" aria-expanded=\"false\">\n\t\t\t\t\t\t\t\t\t\t\t\t<span class=\"elementor-toggle-icon elementor-toggle-icon-left\" aria-hidden=\"true\">\n\t\t\t\t\t\t\t\t\t\t\t\t\t\t\t<span class=\"elementor-toggle-icon-closed\"><i class=\"fas fa-chevron-right\"><\/i><\/span>\n\t\t\t\t\t\t\t\t<span class=\"elementor-toggle-icon-opened\"><i class=\"elementor-toggle-icon-opened fas fa-chevron-down\"><\/i><\/span>\n\t\t\t\t\t\t\t\t\t\t\t\t\t<\/span>\n\t\t\t\t\t\t\t\t\t\t\t\t<a class=\"elementor-toggle-title\" tabindex=\"0\">BANK INSPEKTOR<\/a>\n\t\t\t\t\t<\/div>\n\n\t\t\t\t\t<div id=\"elementor-tab-content-2622\" class=\"elementor-tab-content elementor-clearfix\" data-tab=\"2\" role=\"region\" aria-labelledby=\"elementor-tab-title-2622\">Bank Inspektor to rozwi\u0105zanie dedykowane dla przedsi\u0119biorstw, kt\u00f3rym zale\u017cy na funkcjonalno\u015bci weryfikacji rachunk\u00f3w bankowych kontrahent\u00f3w, w ramach wymaga\u0144 tzw. \u201ebia\u0142ej listy\u201d wchodz\u0105cej w \u017cycie we wrze\u015bniu 2019 roku.\n\nW ramach funkcjonalno\u015bci weryfikacji rachunk\u00f3w bankowych kontrahent\u00f3w udost\u0119pniamy:\n<ul>\n \t<li>Masowe automatyczne sprawdzania numer\u00f3w rachunk\u00f3w bankowych w oparciu o udost\u0119pniane serwisy Ministerstwa Finans\u00f3w;<\/li>\n \t<li>Raporty z wynik\u00f3w sprawdze\u0144;<\/li>\n \t<li>Mo\u017cliwo\u015b\u0107 okresowego, sta\u0142ego sprawdzania np. ca\u0142ej bazy kontrahent\u00f3w;<\/li>\n \t<li>Mo\u017cliwo\u015b\u0107 edycji paczki przelew\u00f3w i wyeliminowanie przelew\u00f3w na rachunki niezg\u0142oszone wprost z narz\u0119dzia;<\/li>\n \t<li>Automatyczne generowanie zawiadomie\u0144 do urz\u0119du skarbowego o wykonaniu przelewu na rachunek niezg\u0142oszony;<\/li>\n \t<li>Integracj\u0119 z NIP Inspektorem\u00ae.<\/li>\n<\/ul>\nInterfejsy Bank Inspektor s\u0105 ka\u017cdorazowo dopasowywane do potrzeb ka\u017cdego klienta, aby umo\u017cliwi\u0107 wczytywanie plik\u00f3w, zestawie\u0144 lub paczek przelew\u00f3w obs\u0142ugiwanych w jego przedsi\u0119biorstwie.\n\nBank Inspektor oferowany jest r\u00f3wnie\u017c w wersji dla bank\u00f3w umo\u017cliwiaj\u0105cej zaoferowanie us\u0142ugi weryfikacji numer\u00f3w rachunk\u00f3w bankowych dla klient\u00f3w tych bank\u00f3w.\n\nWi\u0119cej informacji o Bank Inspektor znajdziesz na <a href=\"http:\/\/www.bank-inspektor.pl\" target=\"_blank\">www.bank-inspektor.pl<\/a><\/div>\n\t\t\t\t<\/div>\n\t\t\t\t\t\t\t<div class=\"elementor-toggle-item\">\n\t\t\t\t\t<div id=\"elementor-tab-title-2623\" class=\"elementor-tab-title\" data-tab=\"3\" role=\"button\" aria-controls=\"elementor-tab-content-2623\" aria-expanded=\"false\">\n\t\t\t\t\t\t\t\t\t\t\t\t<span class=\"elementor-toggle-icon elementor-toggle-icon-left\" aria-hidden=\"true\">\n\t\t\t\t\t\t\t\t\t\t\t\t\t\t\t<span class=\"elementor-toggle-icon-closed\"><i class=\"fas fa-chevron-right\"><\/i><\/span>\n\t\t\t\t\t\t\t\t<span class=\"elementor-toggle-icon-opened\"><i class=\"elementor-toggle-icon-opened fas fa-chevron-down\"><\/i><\/span>\n\t\t\t\t\t\t\t\t\t\t\t\t\t<\/span>\n\t\t\t\t\t\t\t\t\t\t\t\t<a class=\"elementor-toggle-title\" tabindex=\"0\">JPK Inspektor<\/a>\n\t\t\t\t\t<\/div>\n\n\t\t\t\t\t<div id=\"elementor-tab-content-2623\" class=\"elementor-tab-content elementor-clearfix\" data-tab=\"3\" role=\"region\" aria-labelledby=\"elementor-tab-title-2623\"><p>JPK Inspektor to rozwi\u0105zanie umo\u017cliwiaj\u0105ce weryfikacj\u0119 i testowanie danych zawartych w plikach JPK. Aplikacja JPK Inspektor dokonuje automatycznych test\u00f3w struktur JPK oraz danych zawartych w JPK w oparciu o katalog wbudowanych test\u00f3w.<\/p><p>JPK Inspektor obs\u0142uguje nast\u0119puj\u0105ce struktury JPK:<\/p><ul><li>JPK_V7<\/li><li>JPK_VAT (2) oraz JPK_VAT (3)<\/li><li>JPK_FA (1) oraz JPK_FA (2)<\/li><li>JPK_MAG (1)<\/li><li>JPK_KR (1)<\/li><\/ul><p>Wyniki test\u00f3w oraz statystyki dokonanych weryfikacji prezentowane s\u0105 u\u017cytkownikowi w przyst\u0119pnej formie graf\u00f3w i wykres\u00f3w pozwalaj\u0105c na szybk\u0105 identyfikacj\u0119 nieregularno\u015bci i zdarze\u0144 mog\u0105cych budzi\u0107 podejrzenie.<\/p><p>JPK Inspektor ma szerokie zastosowanie i mo\u017ce by\u0107 wykorzystany przez u\u017cytkownika dla r\u00f3\u017cnych cel\u00f3w:<\/p><ul><li>Analizy trend\u00f3w;<\/li><li>Identyfikacji anomalii i zdarze\u0144 jednorazowych;<\/li><li>Wyszukiwania duplikat\u00f3w w danych;<\/li><li>Uzgadniania plik\u00f3w;<\/li><li>Testowania merytorycznego danych;<\/li><li>Wizualizacji danych w postaci graf\u00f3w, wykres\u00f3w, tabel i map.<\/li><\/ul><p>JPK Inspektor mo\u017ce sta\u0107 si\u0119 w przedsi\u0119biorstwie uniwersalnym narz\u0119dziem do weryfikacji danych podatkowych, finansowych i logistycznych.<\/p><p>Mechanizmy zastosowane w JPK Inspektorze mog\u0105 zosta\u0107 przeniesione na inne obszary dzia\u0142alno\u015bci przedsi\u0119biorstwa, jak sprzeda\u017c, analiza koszt\u00f3w, itp.<\/p><\/div>\n\t\t\t\t<\/div>\n\t\t\t\t\t\t\t<div class=\"elementor-toggle-item\">\n\t\t\t\t\t<div id=\"elementor-tab-title-2624\" class=\"elementor-tab-title\" data-tab=\"4\" role=\"button\" aria-controls=\"elementor-tab-content-2624\" aria-expanded=\"false\">\n\t\t\t\t\t\t\t\t\t\t\t\t<span class=\"elementor-toggle-icon elementor-toggle-icon-left\" aria-hidden=\"true\">\n\t\t\t\t\t\t\t\t\t\t\t\t\t\t\t<span class=\"elementor-toggle-icon-closed\"><i class=\"fas fa-chevron-right\"><\/i><\/span>\n\t\t\t\t\t\t\t\t<span class=\"elementor-toggle-icon-opened\"><i class=\"elementor-toggle-icon-opened fas fa-chevron-down\"><\/i><\/span>\n\t\t\t\t\t\t\t\t\t\t\t\t\t<\/span>\n\t\t\t\t\t\t\t\t\t\t\t\t<a class=\"elementor-toggle-title\" tabindex=\"0\">JPK Raportowanie<\/a>\n\t\t\t\t\t<\/div>\n\n\t\t\t\t\t<div id=\"elementor-tab-content-2624\" class=\"elementor-tab-content elementor-clearfix\" data-tab=\"4\" role=\"region\" aria-labelledby=\"elementor-tab-title-2624\"><p>JPK Raportowanie to program pozwalaj\u0105cy na \u0142atwe i szybkie przygotowanie plik\u00f3w JPK wprost z poziomu MS Excel.<\/p><p>Nasza aplikacja powsta\u0142a w odpowiedzi na potrzeby zg\u0142aszane nam przez ksi\u0119gowych i specjalist\u00f3w podatkowych. W efekcie stworzyli\u015bmy przyjazne dla u\u017cytkownika i wszechstronne narz\u0119dzie, kt\u00f3re:<\/p><ul><li>Tworzy JPK (wszystkie struktury);<\/li><li>\u0141\u0105czy pliki JPK;<\/li><li>Pozwala na automatyczne wyznaczanie warto\u015bci parametr\u00f3w w plikach JPK (np. GTU \/ procedury w JPK_V7), struktura planu kont w JPK_KR, czy dodatkowe oznaczenia faktur w JPK_FA.<\/li><li>Umo\u017cliwia wczytanie gotowego JPK, jego wizualizacj\u0119 w MS Excel i r\u0119czn\u0105 edycj\u0119, np. na potrzeby z\u0142o\u017cenia korekty, uzupe\u0142nienia danych, weryfikacji danych, testowania danych;<\/li><li>Zmienia wersj\u0119 JPK (np. JPK_FA(1) na JPK_FA(2));<\/li><li>Pozwala na dalsze przekszta\u0142canie danych w postaci tabelarycznej.<\/li><\/ul><p>Dodatkowo, przy wdro\u017ceniu JPK Raportowanie dostosowujemy jego interfejsy do indywidualnych potrzeb ka\u017cdej firmy uwzgl\u0119dniaj\u0105c liczb\u0119 \u017ar\u00f3de\u0142 danych, format danych i logik\u0119 \u0142\u0105czenia ze sob\u0105 danych, tak aby powsta\u0142 sp\u00f3jny plik JPK. Stosowane przez nas mechanizmy pozwalaj\u0105 na automatyzacj\u0119 procesu wyznaczania parametr\u00f3w opisuj\u0105cych transakcje w plikach JPK bez konieczno\u015bci kosztownej modyfikacji system\u00f3w \u017ar\u00f3d\u0142owych.<\/p><p>Wi\u0119cej o JPK Raportowanie znajdziesz na <a href=\"http:\/\/www.jpk-raportowanie.pl\" target=\"_blank\" rel=\"noopener\">www.jpk-raportowanie.pl<\/a>.<\/p><\/div>\n\t\t\t\t<\/div>\n\t\t\t\t\t\t\t<div class=\"elementor-toggle-item\">\n\t\t\t\t\t<div id=\"elementor-tab-title-2625\" class=\"elementor-tab-title\" data-tab=\"5\" role=\"button\" aria-controls=\"elementor-tab-content-2625\" aria-expanded=\"false\">\n\t\t\t\t\t\t\t\t\t\t\t\t<span class=\"elementor-toggle-icon elementor-toggle-icon-left\" aria-hidden=\"true\">\n\t\t\t\t\t\t\t\t\t\t\t\t\t\t\t<span class=\"elementor-toggle-icon-closed\"><i class=\"fas fa-chevron-right\"><\/i><\/span>\n\t\t\t\t\t\t\t\t<span class=\"elementor-toggle-icon-opened\"><i class=\"elementor-toggle-icon-opened fas fa-chevron-down\"><\/i><\/span>\n\t\t\t\t\t\t\t\t\t\t\t\t\t<\/span>\n\t\t\t\t\t\t\t\t\t\t\t\t<a class=\"elementor-toggle-title\" tabindex=\"0\">VATlink<\/a>\n\t\t\t\t\t<\/div>\n\n\t\t\t\t\t<div id=\"elementor-tab-content-2625\" class=\"elementor-tab-content elementor-clearfix\" data-tab=\"5\" role=\"region\" aria-labelledby=\"elementor-tab-title-2625\"><p>Zmiany w obszarze odpowiedzialno\u015bci solidarnej pomi\u0119dzy podatnikiem a agencj\u0105 celn\u0105 w obszarze stosowania uproszcze\u0144 w imporcie towar\u00f3w (na podstawie art. 33a ustawy o VAT) wymagaj\u0105 zmian w podej\u015bciu do wymiany informacji pomi\u0119dzy agencj\u0105 celn\u0105 a importerem.<\/p><p>We wsp\u00f3\u0142pracy z naszymi partnerami stworzyli\u015bmy rozwi\u0105zanie, kt\u00f3re rewolucjonizuje podej\u015bcie do wymiany informacji na linii agencja celna \u2013 importer. Teraz ka\u017cda ze stron dowie si\u0119 szybko, sprawnie i bezpiecznie o odprawach oraz sposobie ich uj\u0119cia w JPK_V7.<\/p><ul><li>Importer w \u0142atwy i prosty spos\u00f3b pobierze informacje o odprawach \u2013 koniec z szukaniem dokumentacji papierowej.<\/li><li>Agent celny sprawdzi, czy przes\u0142ane importerowi dokumenty odpraw zosta\u0142y poprawnie uj\u0119te w JPK_V7.<\/li><li>Importer sprawdzi, czy uj\u0105\u0142 wszystkie transakcje importu i prawid\u0142owo wykaza\u0142 VAT nale\u017cny od importu rozliczonego w procedurze art. 33a.<\/li><li>Obie strony ogranicz\u0105 ryzyko pomy\u0142ek, brak\u00f3w w raportowaniu oraz unikn\u0105 potencjalnych kar.<\/li><\/ul><p>Wi\u0119cej o VATlink dowiesz si\u0119 na <a href=\"http:\/\/www.vatlink.pl\" target=\"_blank\" rel=\"noopener\">www.vatlink.pl<\/a>.<\/p><\/div>\n\t\t\t\t<\/div>\n\t\t\t\t\t\t\t<div class=\"elementor-toggle-item\">\n\t\t\t\t\t<div id=\"elementor-tab-title-2626\" class=\"elementor-tab-title\" data-tab=\"6\" role=\"button\" aria-controls=\"elementor-tab-content-2626\" aria-expanded=\"false\">\n\t\t\t\t\t\t\t\t\t\t\t\t<span class=\"elementor-toggle-icon elementor-toggle-icon-left\" aria-hidden=\"true\">\n\t\t\t\t\t\t\t\t\t\t\t\t\t\t\t<span class=\"elementor-toggle-icon-closed\"><i class=\"fas fa-chevron-right\"><\/i><\/span>\n\t\t\t\t\t\t\t\t<span class=\"elementor-toggle-icon-opened\"><i class=\"elementor-toggle-icon-opened fas fa-chevron-down\"><\/i><\/span>\n\t\t\t\t\t\t\t\t\t\t\t\t\t<\/span>\n\t\t\t\t\t\t\t\t\t\t\t\t<a class=\"elementor-toggle-title\" tabindex=\"0\">AIT Faktury<\/a>\n\t\t\t\t\t<\/div>\n\n\t\t\t\t\t<div id=\"elementor-tab-content-2626\" class=\"elementor-tab-content elementor-clearfix\" data-tab=\"6\" role=\"region\" aria-labelledby=\"elementor-tab-title-2626\"><p>AIT Faktury to rozwi\u0105zanie, kt\u00f3re w znakomity spos\u00f3b usprawnia proces tworzenia faktur. Narz\u0119dzie zapewnia poprawno\u015b\u0107 merytoryczn\u0105 wystawianych faktur. Mo\u017ce s\u0142u\u017cy\u0107 jako kompleksowa aplikacja do fakturowania lub jako aplikacja wspomagaj\u0105ca, kt\u00f3ra dzi\u0119ki interfejsom do \u0142adowania danych mo\u017ce obs\u0142ugiwa\u0107 np. procesy wystawiania korekt.<\/p><p>Aplikacja posiada wewn\u0119trzn\u0105 baz\u0119 danych \u2013 w przypadku u\u017cycia jednostanowiskowego, a tak\u017ce umo\u017cliwia po\u0142\u0105czenie z centraln\u0105 baz\u0105 danych. Podstawowe funkcjonalno\u015bci to:<\/p><ul><li>Wgrywanie danych, na postawie kt\u00f3rych maj\u0105 zosta\u0107 wystawione faktury.<\/li><li>Mo\u017cliwo\u015b\u0107 dostosowania szablonu faktury.<\/li><li>Mo\u017cliwo\u015b\u0107 zastosowania wielu szablon\u00f3w.<\/li><li>Centralna baza klient\u00f3w i produkt\u00f3w.<\/li><li>Mo\u017cliwo\u015b\u0107 tworzenia: faktur, korekta, zaliczek i proform.<\/li><li>Mo\u017cliwo\u015b\u0107 wysy\u0142ki faktur do klient\u00f3w.<\/li><li>Automatyczne pobieranie kurs\u00f3w walutowych.<\/li><li>Tworzenie ekstraktu na potrzeby JPK_FA.<\/li><li>Mo\u017cliwo\u015b\u0107 oznaczania faktur znacznikami potrzebnymi dla cel\u00f3w raportowania JPK_V7.<\/li><\/ul><p>Na potrzeby automatyzacji procesu wystawiania faktur, oferujemy us\u0142ug\u0119 stworzenia dedykowanych interfejs\u00f3w pozwalaj\u0105cych na import danych do narz\u0119dzia oraz us\u0142ug\u0119 tworzenia szablon\u00f3w faktur.<\/p><\/div>\n\t\t\t\t<\/div>\n\t\t\t\t\t\t\t<div class=\"elementor-toggle-item\">\n\t\t\t\t\t<div id=\"elementor-tab-title-2627\" class=\"elementor-tab-title\" data-tab=\"7\" role=\"button\" aria-controls=\"elementor-tab-content-2627\" aria-expanded=\"false\">\n\t\t\t\t\t\t\t\t\t\t\t\t<span class=\"elementor-toggle-icon elementor-toggle-icon-left\" aria-hidden=\"true\">\n\t\t\t\t\t\t\t\t\t\t\t\t\t\t\t<span class=\"elementor-toggle-icon-closed\"><i class=\"fas fa-chevron-right\"><\/i><\/span>\n\t\t\t\t\t\t\t\t<span class=\"elementor-toggle-icon-opened\"><i class=\"elementor-toggle-icon-opened fas fa-chevron-down\"><\/i><\/span>\n\t\t\t\t\t\t\t\t\t\t\t\t\t<\/span>\n\t\t\t\t\t\t\t\t\t\t\t\t<a class=\"elementor-toggle-title\" tabindex=\"0\">ZSMOPL Asystent<\/a>\n\t\t\t\t\t<\/div>\n\n\t\t\t\t\t<div id=\"elementor-tab-content-2627\" class=\"elementor-tab-content elementor-clearfix\" data-tab=\"7\" role=\"region\" aria-labelledby=\"elementor-tab-title-2627\"><p>ZSMOPL Asystent to rozwi\u0105zanie dedykowane dla rynku farmaceutycznego pozwalaj\u0105ce na obs\u0142ug\u0119 procesu raportowania dla cel\u00f3w Zintegrowanego Systemu Monitorowania Obrotu Produktami Leczniczymi (ZSMOPL).<\/p><p>Nasze rozwi\u0105zanie pozwala na niezak\u0142\u00f3cone i niezale\u017cne od systemu magazynowego i systemu finansowo-ksi\u0119gowego tworzenie komunikat\u00f3w wysy\u0142anych na portal ZSMOPL. Jest rozwi\u0105zaniem standardowym, kt\u00f3rego podstawowe funkcjonalno\u015bci umo\u017cliwiaj\u0105:<\/p><ul><li>R\u0119czne przygotowanie komunikatu bezpo\u015brednio w ZSMOPL Asystent lub z poziomu MS Excel;<\/li><li>Import plik\u00f3w XML z komunikatami ZSMOPL;<\/li><li>Wprowadzanie zmian i korekt do plik\u00f3w ZSMOPL;<\/li><li>Generowanie komunikat\u00f3w;<\/li><li>Wysy\u0142ka komunikat\u00f3w ZSMOPL na \u015brodowisko testowe i produkcyjne;<\/li><li>Zarz\u0105dzanie baz\u0105 certyfikat\u00f3w uwierzytelniaj\u0105cych komunikaty ZSMOPL;<\/li><li>Archiwizacja komunikat\u00f3w ZSMOPL.<\/li><\/ul><p>Dodatkowo, na potrzeby automatyzacji wprowadzania transakcji do ZSMOPL Asystent, oferujemy us\u0142ug\u0119 stworzenia dedykowanych interfejs\u00f3w dla danych z system\u00f3w magazynowych, logistycznych i finansowo-ksi\u0119gowych.<\/p><p>Wi\u0119cej o ZSMOPL Asystent znajdziesz na <a href=\"http:\/\/www.zsmopl-asystent.pl\" target=\"_blank\" rel=\"noopener\">www.zsmopl-asystent.pl<\/a>.<\/p><\/div>\n\t\t\t\t<\/div>\n\t\t\t\t\t\t\t\t<\/div>\n\t\t\t\t<\/div>\n\t\t\t\t<\/div>\n\t\t\t\t\t<\/div>\n\t\t<\/div>\n\t\t\t\t\t\t\t<\/div>\n\t\t<\/section>\n\t\t\t\t<section class=\"elementor-section elementor-top-section elementor-element elementor-element-53cd30f elementor-section-boxed elementor-section-height-default elementor-section-height-default\" data-id=\"53cd30f\" data-element_type=\"section\">\n\t\t\t\t\t\t<div class=\"elementor-container elementor-column-gap-default\">\n\t\t\t\t\t<div class=\"elementor-column elementor-col-100 elementor-top-column elementor-element elementor-element-6dceccc\" data-id=\"6dceccc\" data-element_type=\"column\">\n\t\t\t<div class=\"elementor-widget-wrap elementor-element-populated\">\n\t\t\t\t\t\t\t\t<div class=\"elementor-element elementor-element-07e0e67 elementor-widget elementor-widget-html\" data-id=\"07e0e67\" data-element_type=\"widget\" data-widget_type=\"html.default\">\n\t\t\t\t<div class=\"elementor-widget-container\">\n\t\t\t<script>\r\n\r\ndocument.addEventListener('DOMContentLoaded', function() {\r\njQuery(function($){\r\nlet toggletitles = $('.elementor-toggle-item .elementor-tab-title');\r\n\r\nlet strings = [\r\n'#nipinspektor',\r\n'#bankinspektor',\r\n'#jpkinspektor',\r\n'#jpkraportowanie',\r\n'#vatlink',\r\n'#aiffaktury',\r\n'#zsmoplasystent'\r\n];\r\n\r\nstrings.forEach( (string,i) => {\r\nif (window.location.href.indexOf(string) > -1) {\r\ntoggletitles.eq(i).click();\r\n$('html, body').animate({\r\nscrollTop: toggletitles.eq(i).offset().top - 160\r\n},'slow');\r\n} } );\r\n}); });\r\n<\/script>\r\n\t\t<\/div>\n\t\t\t\t<\/div>\n\t\t\t\t\t<\/div>\n\t\t<\/div>\n\t\t\t\t\t\t\t<\/div>\n\t\t<\/section>\n\t\t\t\t\t\t\t<\/div>","protected":false},"excerpt":{"rendered":"<p>iPhone, iPad, Android Apps \u2013 We offer our clients an additional resource to drive their online activities, target new audiences and increase market penetration.<\/p>","protected":false},"author":2,"featured_media":22,"parent":0,"menu_order":0,"comment_status":"closed","ping_status":"closed","template":"","meta":{"neve_meta_sidebar":"","neve_meta_container":"","neve_meta_enable_content_width":"","neve_meta_content_width":70,"neve_meta_title_alignment":"","neve_meta_author_avatar":"","neve_post_elements_order":"","neve_meta_disable_header":"","neve_meta_disable_footer":"","neve_meta_disable_title":"","footnotes":""},"_links":{"self":[{"href":"https:\/\/ittax.pl\/en\/wp-json\/wp\/v2\/pages\/1192"}],"collection":[{"href":"https:\/\/ittax.pl\/en\/wp-json\/wp\/v2\/pages"}],"about":[{"href":"https:\/\/ittax.pl\/en\/wp-json\/wp\/v2\/types\/page"}],"author":[{"embeddable":true,"href":"https:\/\/ittax.pl\/en\/wp-json\/wp\/v2\/users\/2"}],"replies":[{"embeddable":true,"href":"https:\/\/ittax.pl\/en\/wp-json\/wp\/v2\/comments?post=1192"}],"version-history":[{"count":0,"href":"https:\/\/ittax.pl\/en\/wp-json\/wp\/v2\/pages\/1192\/revisions"}],"wp:featuredmedia":[{"embeddable":true,"href":"https:\/\/ittax.pl\/en\/wp-json\/wp\/v2\/media\/22"}],"wp:attachment":[{"href":"https:\/\/ittax.pl\/en\/wp-json\/wp\/v2\/media?parent=1192"}],"curies":[{"name":"wp","href":"https:\/\/api.w.org\/{rel}","templated":true}]}}