{"id":2,"date":"2019-07-30T19:26:15","date_gmt":"2019-07-30T17:26:15","guid":{"rendered":"http:\/\/serwer1845849.home.pl\/autoinstalator\/wordpress2\/?page_id=2"},"modified":"2020-11-12T07:31:09","modified_gmt":"2020-11-12T06:31:09","slug":"main","status":"publish","type":"page","link":"https:\/\/ittax.pl\/en\/","title":{"rendered":"Strona g\u0142\u00f3wna"},"content":{"rendered":"<div data-elementor-type=\"wp-page\" data-elementor-id=\"2\" class=\"elementor elementor-2\" data-elementor-post-type=\"page\">\n\t\t\t\t\t\t\t\t\t<section class=\"elementor-section elementor-top-section elementor-element elementor-element-86285f8 elementor-section-full_width elementor-section-stretched elementor-section-height-default elementor-section-height-default\" data-id=\"86285f8\" data-element_type=\"section\" data-settings=\"{&quot;stretch_section&quot;:&quot;section-stretched&quot;}\">\n\t\t\t\t\t\t<div class=\"elementor-container elementor-column-gap-default\">\n\t\t\t\t\t<div class=\"elementor-column elementor-col-100 elementor-top-column elementor-element elementor-element-78b0b69\" data-id=\"78b0b69\" data-element_type=\"column\">\n\t\t\t<div class=\"elementor-widget-wrap elementor-element-populated\">\n\t\t\t\t\t\t\t\t<div class=\"elementor-element elementor-element-7f3955f elementor-widget elementor-widget-shortcode\" data-id=\"7f3955f\" data-element_type=\"widget\" id=\"menu_slider\" data-widget_type=\"shortcode.default\">\n\t\t\t\t<div class=\"elementor-widget-container\">\n\t\t\t\t\t<div class=\"elementor-shortcode\"><div class='white' style='background:rgba(0,0,0,0); border:solid 0px rgba(0,0,0,0); border-radius:0px; padding:0px 0px 0px 0px;'>\n<div id='slider_1344' class='owl-carousel sa_owl_theme autohide-arrows' data-slider-id='slider_1344' style='visibility:hidden;'>\n<div id='slider_1344_slide01' class='sa_hover_container' style='padding:5% 5%; margin:0px 0%; background-image:url(&quot;https:\/\/ittax.pl\/wp-content\/uploads\/2020\/10\/ittax1.png&quot;); background-position:center center; background-size:contain; background-repeat:no-repeat; '><div class=\"interior\"><h6>Nale\u017cyta staranno\u015b\u0107 i kwestie znajomo\u015bci swoich kontrahent\u00f3w s\u0105 kluczowe z punktu widzenia bezpiecze\u0144stwa podatkowego<\/h6>\r\n<div style=\"position: absolute; right: 16px; bottom: 16px;\"><a class=\"btn\" href=\"https:\/\/ittax.pl\/en\/procesy\/\">DOWIEDZ SI\u0118 WI\u0118CEJ<\/a><\/div>\r\n<\/div>\r\n\r\n<\/div>\n<div id='slider_1344_slide02' class='sa_hover_container' style='padding:5% 5%; margin:0px 0%; background-image:url(&quot;https:\/\/ittax.pl\/wp-content\/uploads\/2020\/10\/ittax2.png&quot;); background-position:center center; background-size:contain; background-repeat:no-repeat; '><div class=\"interior\"><h6>Kompleksowe us\u0142ugi w zakresie Jednolitego Pliku Kontrolnego. Doradztwo. Wsparcie merytoryczne. Wdro\u017cenie.<\/h6>\r\n<div style=\"position: absolute; right: 16px; bottom: 16px;\"><a class=\"btn\" href=\"https:\/\/ittax.pl\/en\/aplikacje\/\">DOWIEDZ SI\u0118 WI\u0118CEJ<\/a><\/div>\r\n<\/div><\/div>\n<div id='slider_1344_slide03' class='sa_hover_container' style='padding:5% 5%; margin:0px 0%; background-image:url(&quot;https:\/\/ittax.pl\/wp-content\/uploads\/2020\/10\/ittax3-1.png&quot;); background-position:center center; background-size:contain; background-repeat:no-repeat; '><div class=\"interior\"><h6>Mamy wiele sukces\u00f3w w automatyzowaniu i standaryzowaniu proces\u00f3w finansowych<\/h6>\r\n<div style=\"position: absolute; right: 16px; bottom: 16px;\"><a class=\"btn\" href=\"https:\/\/ittax.pl\/en\/procesy\/\">DOWIEDZ SI\u0118 WI\u0118CEJ<\/a><\/div>\r\n<\/div><\/div>\n<div id='slider_1344_slide04' class='sa_hover_container' style='padding:5% 5%; margin:0px 0%; background-image:url(&quot;https:\/\/ittax.pl\/wp-content\/uploads\/2020\/10\/ittax4b.png&quot;); background-position:center center; background-size:contain; background-repeat:no-repeat; '><div class=\"interior\"><h6>Wymiana informacji to podstawa \u2013 poznaj VATlink<\/h6>\r\n<div style=\"position: absolute; right: 16px; bottom: 16px;\"><a class=\"btn\" href=\"https:\/\/ittax.pl\/en\/aplikacje\/\">DOWIEDZ SI\u0118 WI\u0118CEJ<\/a><\/div>\r\n<\/div><\/div>\n<\/div>\n<\/div>\n<script type='text\/javascript'>\n\tdocument.addEventListener('DOMContentLoaded', function() {\n\t\tjQuery('#slider_1344').owlCarousel({\n\t\t\titems : 1,\n\t\t\tanimateOut : 'fadeOut',\n\t\t\tsmartSpeed : 1000,\n\t\t\tautoplay : true,\n\t\t\tautoplayTimeout : 3500,\n\t\t\tautoplayHoverPause : false,\n\t\t\tsmartSpeed : 1000,\n\t\t\tfluidSpeed : 1000,\n\t\t\tautoplaySpeed : 1000,\n\t\t\tnavSpeed : 1000,\n\t\t\tdotsSpeed : 1000,\n\t\t\tloop : true,\n\t\t\tnav : false,\n\t\t\tnavText : ['Previous','Next'],\n\t\t\tdots : false,\n\t\t\tresponsiveRefreshRate : 200,\n\t\t\tslideBy : 1,\n\t\t\tmergeFit : true,\n\t\t\tautoHeight : false,\n\t\t\tmouseDrag : true,\n\t\t\ttouchDrag : true\n\t\t});\n\t\tjQuery('#slider_1344').css('visibility', 'visible');\n\t\tsa_resize_slider_1344();\n\t\twindow.addEventListener('resize', sa_resize_slider_1344);\n\t\tfunction sa_resize_slider_1344() {\n\t\t\tvar min_height = '50';\n\t\t\tvar win_width = jQuery(window).width();\n\t\t\tvar slider_width = jQuery('#slider_1344').width();\n\t\t\tif (win_width < 480) {\n\t\t\t\tvar slide_width = slider_width \/ 1;\n\t\t\t} else if (win_width < 768) {\n\t\t\t\tvar slide_width = slider_width \/ 1;\n\t\t\t} else if (win_width < 980) {\n\t\t\t\tvar slide_width = slider_width \/ 1;\n\t\t\t} else if (win_width < 1200) {\n\t\t\t\tvar slide_width = slider_width \/ 1;\n\t\t\t} else if (win_width < 1500) {\n\t\t\t\tvar slide_width = slider_width \/ 1;\n\t\t\t} else {\n\t\t\t\tvar slide_width = slider_width \/ 1;\n\t\t\t}\n\t\t\tslide_width = Math.round(slide_width);\n\t\t\tvar slide_height = '0';\n\t\t\tif (min_height == 'aspect43') {\n\t\t\t\tslide_height = (slide_width \/ 4) * 3;\t\t\t\tslide_height = Math.round(slide_height);\n\t\t\t} else if (min_height == 'aspect169') {\n\t\t\t\tslide_height = (slide_width \/ 16) * 9;\t\t\t\tslide_height = Math.round(slide_height);\n\t\t\t} else {\n\t\t\t\tslide_height = (slide_width \/ 100) * min_height;\t\t\t\tslide_height = Math.round(slide_height);\n\t\t\t}\n\t\t\tjQuery('#slider_1344 .owl-item .sa_hover_container').css('min-height', slide_height+'px');\n\t\t}\n\t\tvar owl_goto = jQuery('#slider_1344');\n\t\tjQuery('.slider_1344_goto1').click(function(event){\n\t\t\towl_goto.trigger('to.owl.carousel', 0);\n\t\t});\n\t\tjQuery('.slider_1344_goto2').click(function(event){\n\t\t\towl_goto.trigger('to.owl.carousel', 1);\n\t\t});\n\t\tjQuery('.slider_1344_goto3').click(function(event){\n\t\t\towl_goto.trigger('to.owl.carousel', 2);\n\t\t});\n\t\tjQuery('.slider_1344_goto4').click(function(event){\n\t\t\towl_goto.trigger('to.owl.carousel', 3);\n\t\t});\n\t\tvar resize_1344 = jQuery('.owl-carousel');\n\t\tresize_1344.on('initialized.owl.carousel', function(e) {\n\t\t\tif (typeof(Event) === 'function') {\n\t\t\t\twindow.dispatchEvent(new Event('resize'));\n\t\t\t} else {\n\t\t\t\tvar evt = window.document.createEvent('UIEvents');\n\t\t\t\tevt.initUIEvent('resize', true, false, window, 0);\n\t\t\t\twindow.dispatchEvent(evt);\n\t\t\t}\n\t\t});\n\t});\n<\/script>\n<\/div>\n\t\t\t\t<\/div>\n\t\t\t\t<\/div>\n\t\t\t\t\t<\/div>\n\t\t<\/div>\n\t\t\t\t\t\t\t<\/div>\n\t\t<\/section>\n\t\t\t\t<section class=\"elementor-section elementor-top-section elementor-element elementor-element-cf03d06 elementor-section-boxed elementor-section-height-default elementor-section-height-default\" data-id=\"cf03d06\" data-element_type=\"section\">\n\t\t\t\t\t\t<div class=\"elementor-container elementor-column-gap-default\">\n\t\t\t\t\t<div class=\"elementor-column elementor-col-100 elementor-top-column elementor-element elementor-element-d34532a\" data-id=\"d34532a\" data-element_type=\"column\">\n\t\t\t<div class=\"elementor-widget-wrap elementor-element-populated\">\n\t\t\t\t\t\t\t\t<div class=\"elementor-element elementor-element-9293e51 elementor-widget elementor-widget-heading\" data-id=\"9293e51\" data-element_type=\"widget\" data-widget_type=\"heading.default\">\n\t\t\t\t<div class=\"elementor-widget-container\">\n\t\t\t<h2 class=\"elementor-heading-title elementor-size-default\">\"Tworzymy, usprawniamy, doradzamy, aby Tw\u00f3j biznes r\u00f3s\u0142 szybciej i&nbsp;bezpieczniej\"<\/h2>\t\t<\/div>\n\t\t\t\t<\/div>\n\t\t\t\t\t<\/div>\n\t\t<\/div>\n\t\t\t\t\t\t\t<\/div>\n\t\t<\/section>\n\t\t\t\t<section class=\"elementor-section elementor-top-section elementor-element elementor-element-0dcaba3 elementor-section-height-min-height elementor-section-items-stretch elementor-section-content-middle elementor-section-boxed elementor-section-height-default\" data-id=\"0dcaba3\" data-element_type=\"section\">\n\t\t\t\t\t\t<div class=\"elementor-container elementor-column-gap-default\">\n\t\t\t\t\t<div class=\"make-column-clickable-elementor elementor-column elementor-col-33 elementor-top-column elementor-element elementor-element-15b3ffe clickable\" style=\"cursor: pointer;\" data-column-clickable=\"\/aplikacje\/#jpkraportowanie\" data-column-clickable-blank=\"_self\" data-id=\"15b3ffe\" data-element_type=\"column\" data-settings=\"{&quot;background_background&quot;:&quot;classic&quot;}\">\n\t\t\t<div class=\"elementor-widget-wrap elementor-element-populated\">\n\t\t\t\t\t\t\t\t<div class=\"elementor-element elementor-element-42e172b elementor-widget elementor-widget-heading\" data-id=\"42e172b\" data-element_type=\"widget\" data-widget_type=\"heading.default\">\n\t\t\t\t<div class=\"elementor-widget-container\">\n\t\t\t<h3 class=\"elementor-heading-title elementor-size-default\">JPK Raportowanie<\/h3>\t\t<\/div>\n\t\t\t\t<\/div>\n\t\t\t\t<div class=\"elementor-element elementor-element-3344cb1 elementor-widget elementor-widget-text-editor\" data-id=\"3344cb1\" data-element_type=\"widget\" data-widget_type=\"text-editor.default\">\n\t\t\t\t<div class=\"elementor-widget-container\">\n\t\t\t\t\t\t\t<p>JPK nie mo\u017ce by\u0107 prostsze<\/p>\t\t\t\t\t\t<\/div>\n\t\t\t\t<\/div>\n\t\t\t\t\t<\/div>\n\t\t<\/div>\n\t\t\t\t<div class=\"make-column-clickable-elementor elementor-column elementor-col-33 elementor-top-column elementor-element elementor-element-674d341 clickable\" style=\"cursor: pointer;\" data-column-clickable=\"\/aplikacje\/#nipinspektor\" data-column-clickable-blank=\"_self\" data-id=\"674d341\" data-element_type=\"column\" data-settings=\"{&quot;background_background&quot;:&quot;classic&quot;}\">\n\t\t\t<div class=\"elementor-widget-wrap elementor-element-populated\">\n\t\t\t\t\t\t\t\t<div class=\"elementor-element elementor-element-7d5a24c elementor-widget elementor-widget-heading\" data-id=\"7d5a24c\" data-element_type=\"widget\" data-widget_type=\"heading.default\">\n\t\t\t\t<div class=\"elementor-widget-container\">\n\t\t\t<h3 class=\"elementor-heading-title elementor-size-default\">NIP Inspektor\u200b<\/h3>\t\t<\/div>\n\t\t\t\t<\/div>\n\t\t\t\t<div class=\"elementor-element elementor-element-4f0d54a elementor-widget elementor-widget-text-editor\" data-id=\"4f0d54a\" data-element_type=\"widget\" data-widget_type=\"text-editor.default\">\n\t\t\t\t<div class=\"elementor-widget-container\">\n\t\t\t\t\t\t\t<p>Poznaj swoich kontrahent\u00f3w<\/p>\t\t\t\t\t\t<\/div>\n\t\t\t\t<\/div>\n\t\t\t\t\t<\/div>\n\t\t<\/div>\n\t\t\t\t<div class=\"make-column-clickable-elementor elementor-column elementor-col-33 elementor-top-column elementor-element elementor-element-3fbb0cd clickable\" style=\"cursor: pointer;\" data-column-clickable=\"\/procesy\/\" data-column-clickable-blank=\"_self\" data-id=\"3fbb0cd\" data-element_type=\"column\" data-settings=\"{&quot;background_background&quot;:&quot;classic&quot;}\">\n\t\t\t<div class=\"elementor-widget-wrap elementor-element-populated\">\n\t\t\t\t\t\t\t\t<div class=\"elementor-element elementor-element-a12d41b elementor-widget elementor-widget-heading\" data-id=\"a12d41b\" data-element_type=\"widget\" data-widget_type=\"heading.default\">\n\t\t\t\t<div class=\"elementor-widget-container\">\n\t\t\t<h3 class=\"elementor-heading-title elementor-size-default\">Wdro\u017cenie SAP lub Oracle<\/h3>\t\t<\/div>\n\t\t\t\t<\/div>\n\t\t\t\t<div class=\"elementor-element elementor-element-51e64fa elementor-widget elementor-widget-text-editor\" data-id=\"51e64fa\" data-element_type=\"widget\" data-widget_type=\"text-editor.default\">\n\t\t\t\t<div class=\"elementor-widget-container\">\n\t\t\t\t\t\t\t<p>Tam te\u017c da si\u0119 sprawnie raportowa\u0107 podatki<\/p>\t\t\t\t\t\t<\/div>\n\t\t\t\t<\/div>\n\t\t\t\t\t<\/div>\n\t\t<\/div>\n\t\t\t\t\t\t\t<\/div>\n\t\t<\/section>\n\t\t\t\t<section class=\"elementor-section elementor-top-section elementor-element elementor-element-6065421 elementor-section-height-min-height elementor-section-items-stretch elementor-section-content-middle elementor-section-boxed elementor-section-height-default\" data-id=\"6065421\" data-element_type=\"section\">\n\t\t\t\t\t\t<div class=\"elementor-container elementor-column-gap-default\">\n\t\t\t\t\t<div class=\"make-column-clickable-elementor elementor-column elementor-col-33 elementor-top-column elementor-element elementor-element-97e395a clickable\" style=\"cursor: pointer;\" data-column-clickable=\"\/podatki\/\" data-column-clickable-blank=\"_self\" data-id=\"97e395a\" data-element_type=\"column\" data-settings=\"{&quot;background_background&quot;:&quot;classic&quot;}\">\n\t\t\t<div class=\"elementor-widget-wrap elementor-element-populated\">\n\t\t\t\t\t\t\t\t<div class=\"elementor-element elementor-element-071d1fa elementor-widget elementor-widget-heading\" data-id=\"071d1fa\" data-element_type=\"widget\" data-widget_type=\"heading.default\">\n\t\t\t\t<div class=\"elementor-widget-container\">\n\t\t\t<h3 class=\"elementor-heading-title elementor-size-default\">IP BOX<\/h3>\t\t<\/div>\n\t\t\t\t<\/div>\n\t\t\t\t<div class=\"elementor-element elementor-element-1098210 elementor-widget elementor-widget-text-editor\" data-id=\"1098210\" data-element_type=\"widget\" data-widget_type=\"text-editor.default\">\n\t\t\t\t<div class=\"elementor-widget-container\">\n\t\t\t\t\t\t\t<p>Sami z niego korzystamy, nie teoretyzujemy<\/p>\t\t\t\t\t\t<\/div>\n\t\t\t\t<\/div>\n\t\t\t\t\t<\/div>\n\t\t<\/div>\n\t\t\t\t<div class=\"make-column-clickable-elementor elementor-column elementor-col-33 elementor-top-column elementor-element elementor-element-636c08f clickable\" style=\"cursor: pointer;\" data-column-clickable=\"\/aplikacje\/#jpkinspektor\" data-column-clickable-blank=\"_self\" data-id=\"636c08f\" data-element_type=\"column\" data-settings=\"{&quot;background_background&quot;:&quot;classic&quot;}\">\n\t\t\t<div class=\"elementor-widget-wrap elementor-element-populated\">\n\t\t\t\t\t\t\t\t<div class=\"elementor-element elementor-element-7255e2e elementor-widget elementor-widget-heading\" data-id=\"7255e2e\" data-element_type=\"widget\" data-widget_type=\"heading.default\">\n\t\t\t\t<div class=\"elementor-widget-container\">\n\t\t\t<h3 class=\"elementor-heading-title elementor-size-default\">JPK Inspektor<\/h3>\t\t<\/div>\n\t\t\t\t<\/div>\n\t\t\t\t<div class=\"elementor-element elementor-element-1ddd901 elementor-widget elementor-widget-text-editor\" data-id=\"1ddd901\" data-element_type=\"widget\" data-widget_type=\"text-editor.default\">\n\t\t\t\t<div class=\"elementor-widget-container\">\n\t\t\t\t\t\t\t<p>Czy wiesz co kryje Twoje JPK?<\/p>\t\t\t\t\t\t<\/div>\n\t\t\t\t<\/div>\n\t\t\t\t\t<\/div>\n\t\t<\/div>\n\t\t\t\t<div class=\"make-column-clickable-elementor elementor-column elementor-col-33 elementor-top-column elementor-element elementor-element-7862a22 clickable\" style=\"cursor: pointer;\" data-column-clickable=\"\/procesy\/\" data-column-clickable-blank=\"_self\" data-id=\"7862a22\" data-element_type=\"column\" data-settings=\"{&quot;background_background&quot;:&quot;classic&quot;}\">\n\t\t\t<div class=\"elementor-widget-wrap elementor-element-populated\">\n\t\t\t\t\t\t\t\t<div class=\"elementor-element elementor-element-07dcfcc elementor-widget elementor-widget-heading\" data-id=\"07dcfcc\" data-element_type=\"widget\" data-widget_type=\"heading.default\">\n\t\t\t\t<div class=\"elementor-widget-container\">\n\t\t\t<h3 class=\"elementor-heading-title elementor-size-default\">Sprawne Podatki<\/h3>\t\t<\/div>\n\t\t\t\t<\/div>\n\t\t\t\t<div class=\"elementor-element elementor-element-01f368f elementor-widget elementor-widget-text-editor\" data-id=\"01f368f\" data-element_type=\"widget\" data-widget_type=\"text-editor.default\">\n\t\t\t\t<div class=\"elementor-widget-container\">\n\t\t\t\t\t\t\t<p>Funkcja podatkowa w przedsi\u0119biorstwie te\u017c mo\u017ce dzia\u0142a\u0107 efektywnie<\/p>\t\t\t\t\t\t<\/div>\n\t\t\t\t<\/div>\n\t\t\t\t\t<\/div>\n\t\t<\/div>\n\t\t\t\t\t\t\t<\/div>\n\t\t<\/section>\n\t\t\t\t<section class=\"elementor-section elementor-top-section elementor-element elementor-element-861116c elementor-section-height-min-height elementor-section-items-stretch elementor-section-content-middle elementor-section-boxed elementor-section-height-default\" data-id=\"861116c\" data-element_type=\"section\">\n\t\t\t\t\t\t<div class=\"elementor-container elementor-column-gap-default\">\n\t\t\t\t\t<div class=\"make-column-clickable-elementor elementor-column elementor-col-33 elementor-top-column elementor-element elementor-element-b674dd1 clickable\" style=\"cursor: pointer;\" data-column-clickable=\"\/aplikacje\/#vatlink\" data-column-clickable-blank=\"_self\" data-id=\"b674dd1\" data-element_type=\"column\" data-settings=\"{&quot;background_background&quot;:&quot;classic&quot;}\">\n\t\t\t<div class=\"elementor-widget-wrap elementor-element-populated\">\n\t\t\t\t\t\t\t\t<div class=\"elementor-element elementor-element-5683ceb elementor-widget elementor-widget-heading\" data-id=\"5683ceb\" data-element_type=\"widget\" data-widget_type=\"heading.default\">\n\t\t\t\t<div class=\"elementor-widget-container\">\n\t\t\t<h3 class=\"elementor-heading-title elementor-size-default\">VATlink<\/h3>\t\t<\/div>\n\t\t\t\t<\/div>\n\t\t\t\t<div class=\"elementor-element elementor-element-4a800f5 elementor-widget elementor-widget-text-editor\" data-id=\"4a800f5\" data-element_type=\"widget\" data-widget_type=\"text-editor.default\">\n\t\t\t\t<div class=\"elementor-widget-container\">\n\t\t\t\t\t\t\t<p>Czy wiesz co kryje Twoje JPK?<\/p>\t\t\t\t\t\t<\/div>\n\t\t\t\t<\/div>\n\t\t\t\t\t<\/div>\n\t\t<\/div>\n\t\t\t\t<div class=\"make-column-clickable-elementor elementor-column elementor-col-33 elementor-top-column elementor-element elementor-element-f503edd clickable\" style=\"cursor: pointer;\" data-column-clickable=\"\/procesy\/\" data-column-clickable-blank=\"_self\" data-id=\"f503edd\" data-element_type=\"column\" data-settings=\"{&quot;background_background&quot;:&quot;classic&quot;}\">\n\t\t\t<div class=\"elementor-widget-wrap elementor-element-populated\">\n\t\t\t\t\t\t\t\t<div class=\"elementor-element elementor-element-c97850e elementor-widget elementor-widget-heading\" data-id=\"c97850e\" data-element_type=\"widget\" data-widget_type=\"heading.default\">\n\t\t\t\t<div class=\"elementor-widget-container\">\n\t\t\t<h3 class=\"elementor-heading-title elementor-size-default\">E-sprawozdania finansowe<\/h3>\t\t<\/div>\n\t\t\t\t<\/div>\n\t\t\t\t<div class=\"elementor-element elementor-element-7b8e2a8 elementor-widget elementor-widget-text-editor\" data-id=\"7b8e2a8\" data-element_type=\"widget\" data-widget_type=\"text-editor.default\">\n\t\t\t\t<div class=\"elementor-widget-container\">\n\t\t\t\t\t\t\t<p>Nic prostszego<\/p>\t\t\t\t\t\t<\/div>\n\t\t\t\t<\/div>\n\t\t\t\t\t<\/div>\n\t\t<\/div>\n\t\t\t\t<div class=\"make-column-clickable-elementor elementor-column elementor-col-33 elementor-top-column elementor-element elementor-element-07d8c82 clickable\" style=\"cursor: pointer;\" data-column-clickable=\"\/podatki\/\" data-column-clickable-blank=\"_self\" data-id=\"07d8c82\" data-element_type=\"column\" data-settings=\"{&quot;background_background&quot;:&quot;classic&quot;}\">\n\t\t\t<div class=\"elementor-widget-wrap elementor-element-populated\">\n\t\t\t\t\t\t\t\t<div class=\"elementor-element elementor-element-86d3f00 elementor-widget elementor-widget-heading\" data-id=\"86d3f00\" data-element_type=\"widget\" data-widget_type=\"heading.default\">\n\t\t\t\t<div class=\"elementor-widget-container\">\n\t\t\t<h3 class=\"elementor-heading-title elementor-size-default\">Szukasz odpowiedzi na zagadnienie podatkowe?<\/h3>\t\t<\/div>\n\t\t\t\t<\/div>\n\t\t\t\t<div class=\"elementor-element elementor-element-bff4a67 elementor-widget elementor-widget-text-editor\" data-id=\"bff4a67\" data-element_type=\"widget\" data-widget_type=\"text-editor.default\">\n\t\t\t\t<div class=\"elementor-widget-container\">\n\t\t\t\t\t\t\t<p>Nasz zesp\u00f3\u0142 Ci pomo\u017ce<\/p>\t\t\t\t\t\t<\/div>\n\t\t\t\t<\/div>\n\t\t\t\t\t<\/div>\n\t\t<\/div>\n\t\t\t\t\t\t\t<\/div>\n\t\t<\/section>\n\t\t\t\t<section class=\"elementor-section elementor-top-section elementor-element elementor-element-e81b260 elementor-section-boxed elementor-section-height-default elementor-section-height-default\" data-id=\"e81b260\" data-element_type=\"section\">\n\t\t\t\t\t\t<div class=\"elementor-container elementor-column-gap-default\">\n\t\t\t\t\t<div class=\"elementor-column elementor-col-100 elementor-top-column elementor-element elementor-element-269ea4a\" data-id=\"269ea4a\" data-element_type=\"column\">\n\t\t\t<div class=\"elementor-widget-wrap elementor-element-populated\">\n\t\t\t\t\t\t\t\t<div class=\"elementor-element elementor-element-2e3db1c elementor-widget elementor-widget-spacer\" data-id=\"2e3db1c\" data-element_type=\"widget\" data-widget_type=\"spacer.default\">\n\t\t\t\t<div class=\"elementor-widget-container\">\n\t\t\t\t\t<div class=\"elementor-spacer\">\n\t\t\t<div class=\"elementor-spacer-inner\"><\/div>\n\t\t<\/div>\n\t\t\t\t<\/div>\n\t\t\t\t<\/div>\n\t\t\t\t\t<\/div>\n\t\t<\/div>\n\t\t\t\t\t\t\t<\/div>\n\t\t<\/section>\n\t\t\t\t\t\t\t<\/div>","protected":false},"excerpt":{"rendered":"<p>&#8222;Tworzymy, usprawniamy, doradzamy, aby Tw\u00f3j biznes r\u00f3s\u0142 szybciej i&nbsp;bezpieczniej&#8221; JPK Raportowanie JPK nie mo\u017ce by\u0107 prostsze NIP Inspektor\u200b Poznaj swoich kontrahent\u00f3w Wdro\u017cenie SAP lub Oracle Tam te\u017c da si\u0119 sprawnie raportowa\u0107 podatki IP BOX Sami z niego korzystamy, nie teoretyzujemy JPK Inspektor Czy wiesz co kryje Twoje JPK? Sprawne Podatki Funkcja podatkowa w przedsi\u0119biorstwie te\u017c&hellip;&nbsp;<a href=\"https:\/\/ittax.pl\/en\/\" class=\"\" rel=\"bookmark\">Read More &raquo;<span class=\"screen-reader-text\">Strona g\u0142\u00f3wna<\/span><\/a><\/p>","protected":false},"author":1,"featured_media":0,"parent":0,"menu_order":0,"comment_status":"closed","ping_status":"closed","template":"elementor_header_footer","meta":{"neve_meta_sidebar":"","neve_meta_container":"","neve_meta_enable_content_width":"","neve_meta_content_width":0,"neve_meta_title_alignment":"","neve_meta_author_avatar":"","neve_post_elements_order":"","neve_meta_disable_header":"","neve_meta_disable_footer":"","neve_meta_disable_title":"","footnotes":""},"_links":{"self":[{"href":"https:\/\/ittax.pl\/en\/wp-json\/wp\/v2\/pages\/2"}],"collection":[{"href":"https:\/\/ittax.pl\/en\/wp-json\/wp\/v2\/pages"}],"about":[{"href":"https:\/\/ittax.pl\/en\/wp-json\/wp\/v2\/types\/page"}],"author":[{"embeddable":true,"href":"https:\/\/ittax.pl\/en\/wp-json\/wp\/v2\/users\/1"}],"replies":[{"embeddable":true,"href":"https:\/\/ittax.pl\/en\/wp-json\/wp\/v2\/comments?post=2"}],"version-history":[{"count":1,"href":"https:\/\/ittax.pl\/en\/wp-json\/wp\/v2\/pages\/2\/revisions"}],"predecessor-version":[{"id":1568,"href":"https:\/\/ittax.pl\/en\/wp-json\/wp\/v2\/pages\/2\/revisions\/1568"}],"wp:attachment":[{"href":"https:\/\/ittax.pl\/en\/wp-json\/wp\/v2\/media?parent=2"}],"curies":[{"name":"wp","href":"https:\/\/api.w.org\/{rel}","templated":true}]}}